{"id":3919,"date":"2021-09-08T09:16:53","date_gmt":"2021-09-08T08:16:53","guid":{"rendered":"https:\/\/finanzmining.de\/?page_id=3919"},"modified":"2022-03-01T20:22:11","modified_gmt":"2022-03-01T19:22:11","slug":"blog","status":"publish","type":"page","link":"https:\/\/finanzmining.de\/en\/blog\/","title":{"rendered":"Blog"},"content":{"rendered":"\t\t<div data-elementor-type=\"wp-page\" data-elementor-id=\"3919\" class=\"elementor elementor-3919 elementor-3615\">\n\t\t\t\t\t\t<section class=\"elementor-section elementor-top-section elementor-element elementor-element-0f72d2d elementor-section-full_width elementor-section-height-min-height elementor-section-items-bottom elementor-section-height-default\" data-id=\"0f72d2d\" data-element_type=\"section\" data-settings=\"{&quot;background_background&quot;:&quot;classic&quot;}\">\n\t\t\t\t\t\t<div class=\"elementor-container elementor-column-gap-default\">\n\t\t\t\t\t<div class=\"elementor-column elementor-col-100 elementor-top-column elementor-element elementor-element-5837438\" data-id=\"5837438\" data-element_type=\"column\">\n\t\t\t<div class=\"elementor-widget-wrap elementor-element-populated\">\n\t\t\t\t\t\t<div class=\"elementor-element elementor-element-b4ecc88 elementor-widget elementor-widget-spacer\" data-id=\"b4ecc88\" data-element_type=\"widget\" data-widget_type=\"spacer.default\">\n\t\t\t\t<div class=\"elementor-widget-container\">\n\t\t\t\t\t<div class=\"elementor-spacer\">\n\t\t\t<div class=\"elementor-spacer-inner\"><\/div>\n\t\t<\/div>\n\t\t\t\t<\/div>\n\t\t\t\t<\/div>\n\t\t\t\t<div class=\"elementor-element elementor-element-5349909 elementor-widget elementor-widget-heading\" data-id=\"5349909\" data-element_type=\"widget\" data-widget_type=\"heading.default\">\n\t\t\t\t<div class=\"elementor-widget-container\">\n\t\t\t<h1 class=\"elementor-heading-title elementor-size-default\">Our Blog<\/h1>\t\t<\/div>\n\t\t\t\t<\/div>\n\t\t\t\t<div class=\"elementor-element elementor-element-03ce1d8 elementor-widget elementor-widget-heading\" data-id=\"03ce1d8\" data-element_type=\"widget\" data-widget_type=\"heading.default\">\n\t\t\t\t<div class=\"elementor-widget-container\">\n\t\t\t<h3 class=\"elementor-heading-title elementor-size-default\">Banks. Fintechs. Innovation.<\/h3>\t\t<\/div>\n\t\t\t\t<\/div>\n\t\t\t\t<div class=\"elementor-element elementor-element-a5ef311 elementor-widget elementor-widget-spacer\" data-id=\"a5ef311\" data-element_type=\"widget\" data-widget_type=\"spacer.default\">\n\t\t\t\t<div class=\"elementor-widget-container\">\n\t\t\t\t\t<div class=\"elementor-spacer\">\n\t\t\t<div class=\"elementor-spacer-inner\"><\/div>\n\t\t<\/div>\n\t\t\t\t<\/div>\n\t\t\t\t<\/div>\n\t\t\t\t<div class=\"elementor-element elementor-element-01f49a3 elementor-align-center elementor-widget elementor-widget-button\" data-id=\"01f49a3\" data-element_type=\"widget\" data-widget_type=\"button.default\">\n\t\t\t\t<div class=\"elementor-widget-container\">\n\t\t\t\t\t<div class=\"elementor-button-wrapper\">\n\t\t\t<a class=\"elementor-button elementor-button-link elementor-size-xl\" href=\"https:\/\/finanzmining.de\/en\/contact\">\n\t\t\t\t\t\t<span class=\"elementor-button-content-wrapper\">\n\t\t\t\t\t\t\t\t\t<span class=\"elementor-button-text\">Contact us<\/span>\n\t\t\t\t\t<\/span>\n\t\t\t\t\t<\/a>\n\t\t<\/div>\n\t\t\t\t<\/div>\n\t\t\t\t<\/div>\n\t\t\t\t<div class=\"elementor-element elementor-element-ca3dd2f elementor-widget elementor-widget-spacer\" data-id=\"ca3dd2f\" data-element_type=\"widget\" data-widget_type=\"spacer.default\">\n\t\t\t\t<div class=\"elementor-widget-container\">\n\t\t\t\t\t<div class=\"elementor-spacer\">\n\t\t\t<div class=\"elementor-spacer-inner\"><\/div>\n\t\t<\/div>\n\t\t\t\t<\/div>\n\t\t\t\t<\/div>\n\t\t\t\t\t<\/div>\n\t\t<\/div>\n\t\t\t\t\t<\/div>\n\t\t<\/section>\n\t\t\t\t<section class=\"elementor-section elementor-top-section elementor-element elementor-element-7dbf101 elementor-section-boxed elementor-section-height-default elementor-section-height-default\" data-id=\"7dbf101\" data-element_type=\"section\">\n\t\t\t\t\t\t<div class=\"elementor-container elementor-column-gap-default\">\n\t\t\t\t\t<div class=\"elementor-column elementor-col-100 elementor-top-column elementor-element elementor-element-6900d0d\" data-id=\"6900d0d\" data-element_type=\"column\">\n\t\t\t<div class=\"elementor-widget-wrap elementor-element-populated\">\n\t\t\t\t\t\t<div class=\"elementor-element elementor-element-b7c4474 elementor-widget elementor-widget-spacer\" data-id=\"b7c4474\" data-element_type=\"widget\" data-widget_type=\"spacer.default\">\n\t\t\t\t<div class=\"elementor-widget-container\">\n\t\t\t\t\t<div class=\"elementor-spacer\">\n\t\t\t<div class=\"elementor-spacer-inner\"><\/div>\n\t\t<\/div>\n\t\t\t\t<\/div>\n\t\t\t\t<\/div>\n\t\t\t\t\t<\/div>\n\t\t<\/div>\n\t\t\t\t\t<\/div>\n\t\t<\/section>\n\t\t\t\t<section class=\"elementor-section elementor-top-section elementor-element elementor-element-cf393e7 elementor-section-boxed elementor-section-height-default elementor-section-height-default\" data-id=\"cf393e7\" data-element_type=\"section\">\n\t\t\t\t\t\t<div class=\"elementor-container elementor-column-gap-default\">\n\t\t\t\t\t<div class=\"elementor-column elementor-col-100 elementor-top-column elementor-element elementor-element-d8fc565\" data-id=\"d8fc565\" data-element_type=\"column\">\n\t\t\t<div class=\"elementor-widget-wrap elementor-element-populated\">\n\t\t\t\t\t\t<div class=\"elementor-element elementor-element-1ae1861 elementor-widget elementor-widget-themo-blog\" data-id=\"1ae1861\" data-element_type=\"widget\" data-widget_type=\"themo-blog.default\">\n\t\t\t\t<div class=\"elementor-widget-container\">\n\t\t\t\n                                <section class=\"th-masonry-blog th-blog-3-col\">\n\n                        <div class=\"mas-blog row\">\n                            <div class=\"mas-blog-post-sizer col-sm-6 col-md-4\"><\/div>\n                                                                                            <div class=\"mas-blog-post col-sm-6 col-md-4 post-5357 post type-post status-publish format-standard has-post-thumbnail hentry category-blog-en\">\n                                        \t\t<a href=\"https:\/\/finanzmining.de\/en\/finanzmining-introduces-predefined-and-configurable-insights-gain-insights-from-financial-data-without-effort\/\">\n\t\t\t<img data-rjs=\"2\" fetchpriority=\"high\" decoding=\"async\" width=\"394\" height=\"131\" src=\"https:\/\/finanzmining.de\/wp-content\/uploads\/2022\/05\/isaac-davis-rzCi3mD-6ho-unsplash-394x131.png\" class=\"img-responsive wp-post-image\" alt=\"\" srcset=\"https:\/\/finanzmining.de\/wp-content\/uploads\/2022\/05\/isaac-davis-rzCi3mD-6ho-unsplash-394x131.png 394w, https:\/\/finanzmining.de\/wp-content\/uploads\/2022\/05\/isaac-davis-rzCi3mD-6ho-unsplash-300x100.png 300w, https:\/\/finanzmining.de\/wp-content\/uploads\/2022\/05\/isaac-davis-rzCi3mD-6ho-unsplash-1024x341.png 1024w, https:\/\/finanzmining.de\/wp-content\/uploads\/2022\/05\/isaac-davis-rzCi3mD-6ho-unsplash-768x256.png 768w, https:\/\/finanzmining.de\/wp-content\/uploads\/2022\/05\/isaac-davis-rzCi3mD-6ho-unsplash-1536x512.png 1536w, https:\/\/finanzmining.de\/wp-content\/uploads\/2022\/05\/isaac-davis-rzCi3mD-6ho-unsplash-2048x683.png 2048w, https:\/\/finanzmining.de\/wp-content\/uploads\/2022\/05\/isaac-davis-rzCi3mD-6ho-unsplash-120x40.png 120w, https:\/\/finanzmining.de\/wp-content\/uploads\/2022\/05\/isaac-davis-rzCi3mD-6ho-unsplash-240x80.png 240w, https:\/\/finanzmining.de\/wp-content\/uploads\/2022\/05\/isaac-davis-rzCi3mD-6ho-unsplash-915x305.png 915w, https:\/\/finanzmining.de\/wp-content\/uploads\/2022\/05\/isaac-davis-rzCi3mD-6ho-unsplash-1240x413.png 1240w, https:\/\/finanzmining.de\/wp-content\/uploads\/2022\/05\/isaac-davis-rzCi3mD-6ho-unsplash-1920x640.png 1920w\" sizes=\"(max-width: 394px) 100vw, 394px\" \/>    \t<\/a>\n    <div class=\"post-inner\">\n\n        <h3 class=\"post-title\"><a href=\"https:\/\/finanzmining.de\/en\/finanzmining-introduces-predefined-and-configurable-insights-gain-insights-from-financial-data-without-effort\/\">Finanzmining introduces predefined and configurable insights: gain insights from financial data without effort<\/a><\/h3>\n    \t<div class=\"post-meta\">\n\t<span class=\"show-author\">Posted by <a href=\"https:\/\/finanzmining.de\/en\/author\/michael\/\" title=\"Posts by Michael KAMPE\" rel=\"author\">Michael KAMPE<\/a><\/span> <span class=\"show-comments\"><\/span>\n<\/div>\n\t            \t<div class=\"entry-content post-excerpt\">\n\t\t\t\t\t<p>Berlin, May 17, 2022 &#8211; Finanzmining introduces the new Embedded Insights functionality &#8211; enabling its customers to focus on what really matters. Finanzmining, which is known for its accurate and detailed categorization with over 600 detail categories, takes the next &hellip; <a href=\"https:\/\/finanzmining.de\/en\/finanzmining-introduces-predefined-and-configurable-insights-gain-insights-from-financial-data-without-effort\/\">Read More<\/a><\/p>\n                <\/div>\n\t\t\t\t<div class=\"date-meta\">\n    <i class=\"xs-icon fa fa-calendar-o\"><\/i>\n    <time class=\"published\" datetime=\"2022-05-17T08:12:34+01:00\">17. May 2022<\/time>\n    <span class=\"is-sticky\">Featured Post<\/span>\n<\/div><\/div>\n                                <\/div>\n\n                                                                                            <div class=\"mas-blog-post col-sm-6 col-md-4 post-5172 post type-post status-publish format-standard has-post-thumbnail hentry category-blog-en\">\n                                        \t\t<a href=\"https:\/\/finanzmining.de\/en\/finanzmining-und-exaris-solutions-schliessen-partnerschaft-zur-nachhaltigkeitsanalyse-fuer-unternehmen\/\">\n\t\t\t<img data-rjs=\"2\" decoding=\"async\" width=\"394\" height=\"261\" src=\"https:\/\/finanzmining.de\/wp-content\/uploads\/2022\/04\/zbynek-burival-4NhqyQeErP8-unsplash-scaled.jpg\" class=\"img-responsive wp-post-image\" alt=\"\" srcset=\"https:\/\/finanzmining.de\/wp-content\/uploads\/2022\/04\/zbynek-burival-4NhqyQeErP8-unsplash-scaled.jpg 2560w, https:\/\/finanzmining.de\/wp-content\/uploads\/2022\/04\/zbynek-burival-4NhqyQeErP8-unsplash-300x199.jpg 300w, https:\/\/finanzmining.de\/wp-content\/uploads\/2022\/04\/zbynek-burival-4NhqyQeErP8-unsplash-1024x678.jpg 1024w, https:\/\/finanzmining.de\/wp-content\/uploads\/2022\/04\/zbynek-burival-4NhqyQeErP8-unsplash-768x509.jpg 768w, https:\/\/finanzmining.de\/wp-content\/uploads\/2022\/04\/zbynek-burival-4NhqyQeErP8-unsplash-1536x1017.jpg 1536w, https:\/\/finanzmining.de\/wp-content\/uploads\/2022\/04\/zbynek-burival-4NhqyQeErP8-unsplash-2048x1356.jpg 2048w, https:\/\/finanzmining.de\/wp-content\/uploads\/2022\/04\/zbynek-burival-4NhqyQeErP8-unsplash-60x40.jpg 60w, https:\/\/finanzmining.de\/wp-content\/uploads\/2022\/04\/zbynek-burival-4NhqyQeErP8-unsplash-121x80.jpg 121w\" sizes=\"(max-width: 394px) 100vw, 394px\" \/>    \t<\/a>\n    <div class=\"post-inner\">\n\n        <h3 class=\"post-title\"><a href=\"https:\/\/finanzmining.de\/en\/finanzmining-und-exaris-solutions-schliessen-partnerschaft-zur-nachhaltigkeitsanalyse-fuer-unternehmen\/\">Finanzmining and Exaris Solutions are partnering on sustainability analytics for SMEs<\/a><\/h3>\n    \t<div class=\"post-meta\">\n\t<span class=\"show-author\">Posted by <a href=\"https:\/\/finanzmining.de\/en\/author\/stefan\/\" title=\"Posts by Stefan LANG\" rel=\"author\">Stefan LANG<\/a><\/span> <span class=\"show-comments\"><\/span>\n<\/div>\n\t            \t<div class=\"entry-content post-excerpt\">\n\t\t\t\t\t<p>Berlin and Krefeld, April 20, 2022 &#8211; Finanzmining and Exaris Solutions are partnering to combine the capabilities of their sustainability analytics products for small and medium-sized enterprises (SMEs). Exarix Solutions, the specialist in industry-specific data extraction from the global available &hellip; <a href=\"https:\/\/finanzmining.de\/en\/finanzmining-und-exaris-solutions-schliessen-partnerschaft-zur-nachhaltigkeitsanalyse-fuer-unternehmen\/\">Read More<\/a><\/p>\n                <\/div>\n\t\t\t\t<div class=\"date-meta\">\n    <i class=\"xs-icon fa fa-calendar-o\"><\/i>\n    <time class=\"published\" datetime=\"2022-04-20T12:29:21+01:00\">20. April 2022<\/time>\n    <span class=\"is-sticky\">Featured Post<\/span>\n<\/div><\/div>\n                                <\/div>\n\n                                                                                            <div class=\"mas-blog-post col-sm-6 col-md-4 post-5032 post type-post status-publish format-standard has-post-thumbnail hentry category-blog-en\">\n                                        \t\t<a href=\"https:\/\/finanzmining.de\/en\/finanzmining-makes-parts-of-its-financial-analytics-available-free-of-charge\/\">\n\t\t\t<img data-rjs=\"2\" decoding=\"async\" width=\"394\" height=\"233\" src=\"https:\/\/finanzmining.de\/wp-content\/uploads\/2022\/04\/Kein-Titel-1830-\u00d7-1080-px-394x233.png\" class=\"img-responsive wp-post-image\" alt=\"\" srcset=\"https:\/\/finanzmining.de\/wp-content\/uploads\/2022\/04\/Kein-Titel-1830-\u00d7-1080-px-394x233.png 394w, https:\/\/finanzmining.de\/wp-content\/uploads\/2022\/04\/Kein-Titel-1830-\u00d7-1080-px-300x177.png 300w, https:\/\/finanzmining.de\/wp-content\/uploads\/2022\/04\/Kein-Titel-1830-\u00d7-1080-px-1024x604.png 1024w, https:\/\/finanzmining.de\/wp-content\/uploads\/2022\/04\/Kein-Titel-1830-\u00d7-1080-px-768x453.png 768w, https:\/\/finanzmining.de\/wp-content\/uploads\/2022\/04\/Kein-Titel-1830-\u00d7-1080-px-1536x906.png 1536w, https:\/\/finanzmining.de\/wp-content\/uploads\/2022\/04\/Kein-Titel-1830-\u00d7-1080-px-68x40.png 68w, https:\/\/finanzmining.de\/wp-content\/uploads\/2022\/04\/Kein-Titel-1830-\u00d7-1080-px-136x80.png 136w, https:\/\/finanzmining.de\/wp-content\/uploads\/2022\/04\/Kein-Titel-1830-\u00d7-1080-px-915x540.png 915w, https:\/\/finanzmining.de\/wp-content\/uploads\/2022\/04\/Kein-Titel-1830-\u00d7-1080-px-1240x732.png 1240w, https:\/\/finanzmining.de\/wp-content\/uploads\/2022\/04\/Kein-Titel-1830-\u00d7-1080-px.png 1830w\" sizes=\"(max-width: 394px) 100vw, 394px\" \/>    \t<\/a>\n    <div class=\"post-inner\">\n\n        <h3 class=\"post-title\"><a href=\"https:\/\/finanzmining.de\/en\/finanzmining-makes-parts-of-its-financial-analytics-available-free-of-charge\/\">Finanzmining makes parts of its financial analytics available free of charge<\/a><\/h3>\n    \t<div class=\"post-meta\">\n\t<span class=\"show-author\">Posted by <a href=\"https:\/\/finanzmining.de\/en\/author\/stefan\/\" title=\"Posts by Stefan LANG\" rel=\"author\">Stefan LANG<\/a><\/span> <span class=\"show-comments\"><\/span>\n<\/div>\n\t            \t<div class=\"entry-content post-excerpt\">\n\t\t\t\t\t<p>Berlin, February 17, 2022 &#8211; Finanzmining is now making parts of its API for real-time analysis of bank accounts available free of charge in order to further promote and advance the fintech community. This relates in particular to the categorization &hellip; <a href=\"https:\/\/finanzmining.de\/en\/finanzmining-makes-parts-of-its-financial-analytics-available-free-of-charge\/\">Read More<\/a><\/p>\n                <\/div>\n\t\t\t\t<div class=\"date-meta\">\n    <i class=\"xs-icon fa fa-calendar-o\"><\/i>\n    <time class=\"published\" datetime=\"2022-02-21T15:28:56+01:00\">21. February 2022<\/time>\n    <span class=\"is-sticky\">Featured Post<\/span>\n<\/div><\/div>\n                                <\/div>\n\n                                                                                            <div class=\"mas-blog-post col-sm-6 col-md-4 post-4668 post type-post status-publish format-standard has-post-thumbnail hentry category-blog-en category-use-case-en\">\n                                        \t\t<a href=\"https:\/\/finanzmining.de\/en\/financemining-launches-regios\/\">\n\t\t\t<img data-rjs=\"2\" loading=\"lazy\" decoding=\"async\" width=\"394\" height=\"87\" src=\"https:\/\/finanzmining.de\/wp-content\/uploads\/2021\/10\/REGIOS_Slide_Title-394x87.png\" class=\"img-responsive wp-post-image\" alt=\"\" srcset=\"https:\/\/finanzmining.de\/wp-content\/uploads\/2021\/10\/REGIOS_Slide_Title-394x87.png 394w, https:\/\/finanzmining.de\/wp-content\/uploads\/2021\/10\/REGIOS_Slide_Title-300x66.png 300w, https:\/\/finanzmining.de\/wp-content\/uploads\/2021\/10\/REGIOS_Slide_Title-1024x226.png 1024w, https:\/\/finanzmining.de\/wp-content\/uploads\/2021\/10\/REGIOS_Slide_Title-768x170.png 768w, https:\/\/finanzmining.de\/wp-content\/uploads\/2021\/10\/REGIOS_Slide_Title-1536x339.png 1536w, https:\/\/finanzmining.de\/wp-content\/uploads\/2021\/10\/REGIOS_Slide_Title-181x40.png 181w, https:\/\/finanzmining.de\/wp-content\/uploads\/2021\/10\/REGIOS_Slide_Title-362x80.png 362w, https:\/\/finanzmining.de\/wp-content\/uploads\/2021\/10\/REGIOS_Slide_Title-915x202.png 915w, https:\/\/finanzmining.de\/wp-content\/uploads\/2021\/10\/REGIOS_Slide_Title-1240x274.png 1240w, https:\/\/finanzmining.de\/wp-content\/uploads\/2021\/10\/REGIOS_Slide_Title-1920x424.png 1920w, https:\/\/finanzmining.de\/wp-content\/uploads\/2021\/10\/REGIOS_Slide_Title.png 2000w\" sizes=\"(max-width: 394px) 100vw, 394px\" \/>    \t<\/a>\n    <div class=\"post-inner\">\n\n        <h3 class=\"post-title\"><a href=\"https:\/\/finanzmining.de\/en\/financemining-launches-regios\/\">Financemining launches REGIOS<\/a><\/h3>\n    \t<div class=\"post-meta\">\n\t<span class=\"show-author\">Posted by <a href=\"https:\/\/finanzmining.de\/en\/author\/stefan\/\" title=\"Posts by Stefan LANG\" rel=\"author\">Stefan LANG<\/a><\/span> <span class=\"show-comments\"><\/span>\n<\/div>\n\t            \t<div class=\"entry-content post-excerpt\">\n\t\t\t\t\t<p>In mid-September, Finanzmining took part in the &#8220;ScheunenPitch&#8221; of the creative campus DSTATION as part of the accelerator &#8220;Lab4Land&#8221;. Thereby, the idea for REGIOS, which had been maturing in the heads of the founders for a long time, was sharpened &hellip; <a href=\"https:\/\/finanzmining.de\/en\/financemining-launches-regios\/\">Read More<\/a><\/p>\n                <\/div>\n\t\t\t\t<div class=\"date-meta\">\n    <i class=\"xs-icon fa fa-calendar-o\"><\/i>\n    <time class=\"published\" datetime=\"2021-10-18T11:12:55+01:00\">18. October 2021<\/time>\n    <span class=\"is-sticky\">Featured Post<\/span>\n<\/div><\/div>\n                                <\/div>\n\n                                                                                            <div class=\"mas-blog-post col-sm-6 col-md-4 post-4151 post type-post status-publish format-standard has-post-thumbnail hentry category-blog-en\">\n                                        \t\t<a href=\"https:\/\/finanzmining.de\/en\/dynamic-pricing-for-bank-services\/\">\n\t\t\t<img data-rjs=\"2\" loading=\"lazy\" decoding=\"async\" width=\"394\" height=\"263\" src=\"https:\/\/finanzmining.de\/wp-content\/uploads\/2021\/05\/jeremy-bishop-iftBhUFfecE-unsplash-600x400-1-394x263.png\" class=\"img-responsive wp-post-image\" alt=\"\" srcset=\"https:\/\/finanzmining.de\/wp-content\/uploads\/2021\/05\/jeremy-bishop-iftBhUFfecE-unsplash-600x400-1-394x263.png 394w, https:\/\/finanzmining.de\/wp-content\/uploads\/2021\/05\/jeremy-bishop-iftBhUFfecE-unsplash-600x400-1-300x200.png 300w, https:\/\/finanzmining.de\/wp-content\/uploads\/2021\/05\/jeremy-bishop-iftBhUFfecE-unsplash-600x400-1-60x40.png 60w, https:\/\/finanzmining.de\/wp-content\/uploads\/2021\/05\/jeremy-bishop-iftBhUFfecE-unsplash-600x400-1-120x80.png 120w, https:\/\/finanzmining.de\/wp-content\/uploads\/2021\/05\/jeremy-bishop-iftBhUFfecE-unsplash-600x400-1.png 600w\" sizes=\"(max-width: 394px) 100vw, 394px\" \/>    \t<\/a>\n    <div class=\"post-inner\">\n\n        <h3 class=\"post-title\"><a href=\"https:\/\/finanzmining.de\/en\/dynamic-pricing-for-bank-services\/\">Dynamic Pricing for Bank Services<\/a><\/h3>\n    \t<div class=\"post-meta\">\n\t<span class=\"show-author\">Posted by <a href=\"https:\/\/finanzmining.de\/en\/author\/stefan\/\" title=\"Posts by Stefan LANG\" rel=\"author\">Stefan LANG<\/a><\/span> <span class=\"show-comments\"><\/span>\n<\/div>\n\t            \t<div class=\"entry-content post-excerpt\">\n\t\t\t\t\t<p>The BGH ruling on the inadmissibility of automatic amendments to terms and conditions to the detriment of customers has hit the banking industry like a bomb. This is because it means that tacit fee increases are no longer so easily &hellip; <a href=\"https:\/\/finanzmining.de\/en\/dynamic-pricing-for-bank-services\/\">Read More<\/a><\/p>\n                <\/div>\n\t\t\t\t<div class=\"date-meta\">\n    <i class=\"xs-icon fa fa-calendar-o\"><\/i>\n    <time class=\"published\" datetime=\"2021-05-12T00:00:43+01:00\">12. May 2021<\/time>\n    <span class=\"is-sticky\">Featured Post<\/span>\n<\/div><\/div>\n                                <\/div>\n\n                                                    <\/div>\n                                            <\/section>\n\n                    \t\t<\/div>\n\t\t\t\t<\/div>\n\t\t\t\t\t<\/div>\n\t\t<\/div>\n\t\t\t\t\t<\/div>\n\t\t<\/section>\n\t\t\t\t<section class=\"elementor-section elementor-top-section elementor-element elementor-element-1b70d9a elementor-section-full_width elementor-section-height-default elementor-section-height-default\" data-id=\"1b70d9a\" data-element_type=\"section\">\n\t\t\t\t\t\t<div class=\"elementor-container elementor-column-gap-default\">\n\t\t\t\t\t<div class=\"elementor-column elementor-col-100 elementor-top-column elementor-element elementor-element-1de28c2\" data-id=\"1de28c2\" data-element_type=\"column\">\n\t\t\t<div class=\"elementor-widget-wrap elementor-element-populated\">\n\t\t\t\t\t\t<section class=\"elementor-section elementor-inner-section elementor-element elementor-element-9b1a1f3 elementor-section-boxed elementor-section-height-default elementor-section-height-default\" data-id=\"9b1a1f3\" data-element_type=\"section\">\n\t\t\t\t\t\t<div class=\"elementor-container elementor-column-gap-default\">\n\t\t\t\t\t<div class=\"elementor-column elementor-col-50 elementor-inner-column elementor-element elementor-element-40a46d8\" data-id=\"40a46d8\" data-element_type=\"column\">\n\t\t\t<div class=\"elementor-widget-wrap elementor-element-populated\">\n\t\t\t\t\t\t<div class=\"elementor-element elementor-element-732b5fd elementor-widget elementor-widget-heading\" data-id=\"732b5fd\" data-element_type=\"widget\" data-widget_type=\"heading.default\">\n\t\t\t\t<div class=\"elementor-widget-container\">\n\t\t\t<h6 class=\"elementor-heading-title elementor-size-default\">Would you like to learn more?<\/h6>\t\t<\/div>\n\t\t\t\t<\/div>\n\t\t\t\t\t<\/div>\n\t\t<\/div>\n\t\t\t\t<div class=\"elementor-column elementor-col-50 elementor-inner-column elementor-element elementor-element-9ffc8f5\" data-id=\"9ffc8f5\" data-element_type=\"column\">\n\t\t\t<div class=\"elementor-widget-wrap elementor-element-populated\">\n\t\t\t\t\t\t<div class=\"elementor-element elementor-element-401c1b5 elementor-align-left elementor-widget elementor-widget-button\" data-id=\"401c1b5\" data-element_type=\"widget\" data-widget_type=\"button.default\">\n\t\t\t\t<div class=\"elementor-widget-container\">\n\t\t\t\t\t<div class=\"elementor-button-wrapper\">\n\t\t\t<a class=\"elementor-button elementor-button-link elementor-size-sm\" href=\"https:\/\/finanzmining.de\/en\/contact\">\n\t\t\t\t\t\t<span class=\"elementor-button-content-wrapper\">\n\t\t\t\t\t\t\t\t\t<span class=\"elementor-button-text\">Contact us<\/span>\n\t\t\t\t\t<\/span>\n\t\t\t\t\t<\/a>\n\t\t<\/div>\n\t\t\t\t<\/div>\n\t\t\t\t<\/div>\n\t\t\t\t\t<\/div>\n\t\t<\/div>\n\t\t\t\t\t<\/div>\n\t\t<\/section>\n\t\t\t\t\t<\/div>\n\t\t<\/div>\n\t\t\t\t\t<\/div>\n\t\t<\/section>\n\t\t\t\t<\/div>\n\t\t","protected":false},"excerpt":{"rendered":"<p>Our Blog Banks. Fintechs. Innovation. Contact us Dynamic Pricing f\u00fcr Bank-Services Posted by Stefan LANG Das BGH-Urteil \u00fcber die Unzul\u00e4ssigkeit der automatischen \u00c4nderung von Gesch\u00e4ftsbedingungen zum Nachteil der Kunden ist in der Bankenlandschaft wie eine Bombe eingeschlagen. Denn damit sind &hellip; <a href=\"https:\/\/finanzmining.de\/en\/dynamic-pricing-for-bank-services\/\">Read More<\/a><\/p>\n","protected":false},"author":2,"featured_media":0,"parent":0,"menu_order":6,"comment_status":"closed","ping_status":"closed","template":"","meta":{"footnotes":""},"class_list":["post-3919","page","type-page","status-publish","hentry"],"_links":{"self":[{"href":"https:\/\/finanzmining.de\/en\/wp-json\/wp\/v2\/pages\/3919","targetHints":{"allow":["GET"]}}],"collection":[{"href":"https:\/\/finanzmining.de\/en\/wp-json\/wp\/v2\/pages"}],"about":[{"href":"https:\/\/finanzmining.de\/en\/wp-json\/wp\/v2\/types\/page"}],"author":[{"embeddable":true,"href":"https:\/\/finanzmining.de\/en\/wp-json\/wp\/v2\/users\/2"}],"replies":[{"embeddable":true,"href":"https:\/\/finanzmining.de\/en\/wp-json\/wp\/v2\/comments?post=3919"}],"version-history":[{"count":4,"href":"https:\/\/finanzmining.de\/en\/wp-json\/wp\/v2\/pages\/3919\/revisions"}],"predecessor-version":[{"id":4176,"href":"https:\/\/finanzmining.de\/en\/wp-json\/wp\/v2\/pages\/3919\/revisions\/4176"}],"wp:attachment":[{"href":"https:\/\/finanzmining.de\/en\/wp-json\/wp\/v2\/media?parent=3919"}],"curies":[{"name":"wp","href":"https:\/\/api.w.org\/{rel}","templated":true}]}}