{"id":3874,"date":"2021-09-08T08:35:36","date_gmt":"2021-09-08T07:35:36","guid":{"rendered":"https:\/\/finanzmining.de\/?page_id=3874"},"modified":"2022-03-01T20:22:45","modified_gmt":"2022-03-01T19:22:45","slug":"retailers-and-agencies","status":"publish","type":"page","link":"https:\/\/finanzmining.de\/en\/solutions\/retailers-and-agencies\/","title":{"rendered":"Retailers and agencies"},"content":{"rendered":"\t\t<div data-elementor-type=\"wp-page\" data-elementor-id=\"3874\" class=\"elementor elementor-3874 elementor-748\">\n\t\t\t\t\t\t<section class=\"elementor-section elementor-top-section elementor-element elementor-element-d92ea06 elementor-section-full_width elementor-section-height-min-height elementor-section-items-bottom elementor-section-height-default\" data-id=\"d92ea06\" data-element_type=\"section\" data-settings=\"{&quot;background_background&quot;:&quot;classic&quot;}\">\n\t\t\t\t\t\t\t<div class=\"elementor-background-overlay\"><\/div>\n\t\t\t\t\t\t\t<div class=\"elementor-container elementor-column-gap-default\">\n\t\t\t\t\t<div class=\"elementor-column elementor-col-100 elementor-top-column elementor-element elementor-element-6c23427\" data-id=\"6c23427\" data-element_type=\"column\">\n\t\t\t<div class=\"elementor-widget-wrap elementor-element-populated\">\n\t\t\t\t\t\t<div class=\"elementor-element elementor-element-91b9bd2 elementor-widget elementor-widget-spacer\" data-id=\"91b9bd2\" data-element_type=\"widget\" data-widget_type=\"spacer.default\">\n\t\t\t\t<div class=\"elementor-widget-container\">\n\t\t\t\t\t<div class=\"elementor-spacer\">\n\t\t\t<div class=\"elementor-spacer-inner\"><\/div>\n\t\t<\/div>\n\t\t\t\t<\/div>\n\t\t\t\t<\/div>\n\t\t\t\t<div class=\"elementor-element elementor-element-348d257 elementor-widget elementor-widget-heading\" data-id=\"348d257\" data-element_type=\"widget\" data-widget_type=\"heading.default\">\n\t\t\t\t<div class=\"elementor-widget-container\">\n\t\t\t<h1 class=\"elementor-heading-title elementor-size-default\">Sell more and more accurately and retain customers<\/h1>\t\t<\/div>\n\t\t\t\t<\/div>\n\t\t\t\t<div class=\"elementor-element elementor-element-1fa4d59 elementor-widget elementor-widget-heading\" data-id=\"1fa4d59\" data-element_type=\"widget\" data-widget_type=\"heading.default\">\n\t\t\t\t<div class=\"elementor-widget-container\">\n\t\t\t<h3 class=\"elementor-heading-title elementor-size-default\">Targeting with thousands of categories. Affinities and demand signals. Increase customer loyalty<\/h3>\t\t<\/div>\n\t\t\t\t<\/div>\n\t\t\t\t<div class=\"elementor-element elementor-element-35d3b04 elementor-widget elementor-widget-spacer\" data-id=\"35d3b04\" data-element_type=\"widget\" data-widget_type=\"spacer.default\">\n\t\t\t\t<div class=\"elementor-widget-container\">\n\t\t\t\t\t<div class=\"elementor-spacer\">\n\t\t\t<div class=\"elementor-spacer-inner\"><\/div>\n\t\t<\/div>\n\t\t\t\t<\/div>\n\t\t\t\t<\/div>\n\t\t\t\t<div class=\"elementor-element elementor-element-cbd3641 elementor-align-center elementor-widget elementor-widget-button\" data-id=\"cbd3641\" data-element_type=\"widget\" data-widget_type=\"button.default\">\n\t\t\t\t<div class=\"elementor-widget-container\">\n\t\t\t\t\t<div class=\"elementor-button-wrapper\">\n\t\t\t<a class=\"elementor-button elementor-button-link elementor-size-xl\" href=\"https:\/\/finanzmining.de\/en\/contact\">\n\t\t\t\t\t\t<span class=\"elementor-button-content-wrapper\">\n\t\t\t\t\t\t\t\t\t<span class=\"elementor-button-text\">Contact us<\/span>\n\t\t\t\t\t<\/span>\n\t\t\t\t\t<\/a>\n\t\t<\/div>\n\t\t\t\t<\/div>\n\t\t\t\t<\/div>\n\t\t\t\t<div class=\"elementor-element elementor-element-3272695 elementor-widget elementor-widget-spacer\" data-id=\"3272695\" data-element_type=\"widget\" data-widget_type=\"spacer.default\">\n\t\t\t\t<div class=\"elementor-widget-container\">\n\t\t\t\t\t<div class=\"elementor-spacer\">\n\t\t\t<div class=\"elementor-spacer-inner\"><\/div>\n\t\t<\/div>\n\t\t\t\t<\/div>\n\t\t\t\t<\/div>\n\t\t\t\t\t<\/div>\n\t\t<\/div>\n\t\t\t\t\t<\/div>\n\t\t<\/section>\n\t\t\t\t<section class=\"elementor-section elementor-top-section elementor-element elementor-element-b8aeaeb elementor-section-boxed elementor-section-height-default elementor-section-height-default\" data-id=\"b8aeaeb\" data-element_type=\"section\">\n\t\t\t\t\t\t<div class=\"elementor-container elementor-column-gap-default\">\n\t\t\t\t\t<div class=\"elementor-column elementor-col-100 elementor-top-column elementor-element elementor-element-c46e1cf\" data-id=\"c46e1cf\" data-element_type=\"column\">\n\t\t\t<div class=\"elementor-widget-wrap elementor-element-populated\">\n\t\t\t\t\t\t<div class=\"elementor-element elementor-element-d18cc5d elementor-widget elementor-widget-spacer\" data-id=\"d18cc5d\" data-element_type=\"widget\" data-widget_type=\"spacer.default\">\n\t\t\t\t<div class=\"elementor-widget-container\">\n\t\t\t\t\t<div class=\"elementor-spacer\">\n\t\t\t<div class=\"elementor-spacer-inner\"><\/div>\n\t\t<\/div>\n\t\t\t\t<\/div>\n\t\t\t\t<\/div>\n\t\t\t\t<div class=\"elementor-element elementor-element-e724ebb elementor-widget elementor-widget-heading\" data-id=\"e724ebb\" data-element_type=\"widget\" data-widget_type=\"heading.default\">\n\t\t\t\t<div class=\"elementor-widget-container\">\n\t\t\t<h2 class=\"elementor-heading-title elementor-size-default\">For dealers and agencies<\/h2>\t\t<\/div>\n\t\t\t\t<\/div>\n\t\t\t\t<div class=\"elementor-element elementor-element-d98126f elementor-widget elementor-widget-text-editor\" data-id=\"d98126f\" data-element_type=\"widget\" data-widget_type=\"text-editor.default\">\n\t\t\t\t<div class=\"elementor-widget-container\">\n\t\t\t\t\t\t\t<p>Was wissen Sie wirklich \u00fcber Ihre Kunden? Schalten Sie einfach nur Werbung und setzen ein paar Targeting-Suchkriterien? Haben Ihre Kunden zumindest eine Kundenkarte? Aber selbst dann sehen Sie nicht, wie gro\u00df die Gesamtausgaben Ihrer Kunden sind und was sie sich \u00fcberhaupt leisten k\u00f6nnen. Und Sie wissen auch nicht, ob sie auch bei Ihren Wettbewerbern unterwegs sind und wie viel sie dort ausgeben. Und auch Affinit\u00e4ten &#8211; also Mehrausgaben in bestimmten Warensortimenten gegen\u00fcber Vergleichsgruppen mit gleicher Soziodemographie &#8211; sind nicht verf\u00fcgbar.<\/p><p>Wir ermitteln diese und noch mehr Informationen vollautomatisch in Echtzeit, detailliert und kunden-individuell. Das funktioniert selbst dann, wenn Sie nicht \u00fcber die detaillierten Finanzdaten Ihrer Kunden verf\u00fcgen.<\/p>\t\t\t\t\t\t<\/div>\n\t\t\t\t<\/div>\n\t\t\t\t\t<\/div>\n\t\t<\/div>\n\t\t\t\t\t<\/div>\n\t\t<\/section>\n\t\t\t\t<section class=\"elementor-section elementor-top-section elementor-element elementor-element-3edcc2d elementor-section-content-middle elementor-section-boxed elementor-section-height-default elementor-section-height-default\" data-id=\"3edcc2d\" data-element_type=\"section\">\n\t\t\t\t\t\t<div class=\"elementor-container elementor-column-gap-default\">\n\t\t\t\t\t<div class=\"elementor-column elementor-col-50 elementor-top-column elementor-element elementor-element-606222a\" data-id=\"606222a\" data-element_type=\"column\">\n\t\t\t<div class=\"elementor-widget-wrap elementor-element-populated\">\n\t\t\t\t\t\t<div class=\"elementor-element elementor-element-7568fe5 elementor-widget elementor-widget-image\" data-id=\"7568fe5\" data-element_type=\"widget\" data-widget_type=\"image.default\">\n\t\t\t\t<div class=\"elementor-widget-container\">\n\t\t\t\t\t\t\t\t\t\t\t\t\t<img data-rjs=\"2\" fetchpriority=\"high\" decoding=\"async\" width=\"600\" height=\"400\" src=\"https:\/\/finanzmining.de\/wp-content\/uploads\/2021\/05\/neonbrand-FoiZoPtxSyA-unsplash-600x400-1.png\" class=\"attachment-large size-large wp-image-4018\" alt=\"\" srcset=\"https:\/\/finanzmining.de\/wp-content\/uploads\/2021\/05\/neonbrand-FoiZoPtxSyA-unsplash-600x400-1.png 600w, https:\/\/finanzmining.de\/wp-content\/uploads\/2021\/05\/neonbrand-FoiZoPtxSyA-unsplash-600x400-1-300x200.png 300w, https:\/\/finanzmining.de\/wp-content\/uploads\/2021\/05\/neonbrand-FoiZoPtxSyA-unsplash-600x400-1-60x40.png 60w, https:\/\/finanzmining.de\/wp-content\/uploads\/2021\/05\/neonbrand-FoiZoPtxSyA-unsplash-600x400-1-120x80.png 120w, https:\/\/finanzmining.de\/wp-content\/uploads\/2021\/05\/neonbrand-FoiZoPtxSyA-unsplash-600x400-1-394x263.png 394w\" sizes=\"(max-width: 600px) 100vw, 600px\" \/>\t\t\t\t\t\t\t\t\t\t\t\t\t<\/div>\n\t\t\t\t<\/div>\n\t\t\t\t\t<\/div>\n\t\t<\/div>\n\t\t\t\t<div class=\"elementor-column elementor-col-50 elementor-top-column elementor-element elementor-element-8fe0b5a\" data-id=\"8fe0b5a\" data-element_type=\"column\">\n\t\t\t<div class=\"elementor-widget-wrap elementor-element-populated\">\n\t\t\t\t\t\t<div class=\"elementor-element elementor-element-1c2ebaf elementor-widget elementor-widget-heading\" data-id=\"1c2ebaf\" data-element_type=\"widget\" data-widget_type=\"heading.default\">\n\t\t\t\t<div class=\"elementor-widget-container\">\n\t\t\t<h2 class=\"elementor-heading-title elementor-size-default\">Individual targeting<\/h2>\t\t<\/div>\n\t\t\t\t<\/div>\n\t\t\t\t<div class=\"elementor-element elementor-element-bf887c0 elementor-widget elementor-widget-text-editor\" data-id=\"bf887c0\" data-element_type=\"widget\" data-widget_type=\"text-editor.default\">\n\t\t\t\t<div class=\"elementor-widget-container\">\n\t\t\t\t\t\t\t<p>We categorize all customer spend according to 500 coarse and 50,000 fine categories to enable precise targeting. In the process, we identify spending patterns. And we see what customers can afford and what they will buy soon.<\/p><p>This works not only for traditional consumer spending, but also for financial and pension products and contracts of all kinds. Here, we also identify possible switching points.<\/p>\t\t\t\t\t\t<\/div>\n\t\t\t\t<\/div>\n\t\t\t\t<div class=\"elementor-element elementor-element-5ba207f elementor-align-left elementor-widget elementor-widget-button\" data-id=\"5ba207f\" data-element_type=\"widget\" data-widget_type=\"button.default\">\n\t\t\t\t<div class=\"elementor-widget-container\">\n\t\t\t\t\t<div class=\"elementor-button-wrapper\">\n\t\t\t<a class=\"elementor-button elementor-button-link elementor-size-sm\" href=\"https:\/\/finanzmining.de\/use-cases\/consumer-and-finance-targeting\">\n\t\t\t\t\t\t<span class=\"elementor-button-content-wrapper\">\n\t\t\t\t\t\t\t\t\t<span class=\"elementor-button-text\">Learn more<\/span>\n\t\t\t\t\t<\/span>\n\t\t\t\t\t<\/a>\n\t\t<\/div>\n\t\t\t\t<\/div>\n\t\t\t\t<\/div>\n\t\t\t\t\t<\/div>\n\t\t<\/div>\n\t\t\t\t\t<\/div>\n\t\t<\/section>\n\t\t\t\t<section class=\"elementor-section elementor-top-section elementor-element elementor-element-2986a7c elementor-section-boxed elementor-section-height-default elementor-section-height-default\" data-id=\"2986a7c\" data-element_type=\"section\">\n\t\t\t\t\t\t<div class=\"elementor-container elementor-column-gap-default\">\n\t\t\t\t\t<div class=\"elementor-column elementor-col-100 elementor-top-column elementor-element elementor-element-53aa898\" data-id=\"53aa898\" data-element_type=\"column\">\n\t\t\t<div class=\"elementor-widget-wrap elementor-element-populated\">\n\t\t\t\t\t\t<div class=\"elementor-element elementor-element-007461c elementor-widget elementor-widget-spacer\" data-id=\"007461c\" data-element_type=\"widget\" data-widget_type=\"spacer.default\">\n\t\t\t\t<div class=\"elementor-widget-container\">\n\t\t\t\t\t<div class=\"elementor-spacer\">\n\t\t\t<div class=\"elementor-spacer-inner\"><\/div>\n\t\t<\/div>\n\t\t\t\t<\/div>\n\t\t\t\t<\/div>\n\t\t\t\t<div class=\"elementor-element elementor-element-c02bf95 elementor-widget-divider--view-line elementor-widget elementor-widget-divider\" data-id=\"c02bf95\" data-element_type=\"widget\" data-widget_type=\"divider.default\">\n\t\t\t\t<div class=\"elementor-widget-container\">\n\t\t\t\t\t<div class=\"elementor-divider\">\n\t\t\t<span class=\"elementor-divider-separator\">\n\t\t\t\t\t\t<\/span>\n\t\t<\/div>\n\t\t\t\t<\/div>\n\t\t\t\t<\/div>\n\t\t\t\t<div class=\"elementor-element elementor-element-6c3826e elementor-widget elementor-widget-spacer\" data-id=\"6c3826e\" data-element_type=\"widget\" data-widget_type=\"spacer.default\">\n\t\t\t\t<div class=\"elementor-widget-container\">\n\t\t\t\t\t<div class=\"elementor-spacer\">\n\t\t\t<div class=\"elementor-spacer-inner\"><\/div>\n\t\t<\/div>\n\t\t\t\t<\/div>\n\t\t\t\t<\/div>\n\t\t\t\t\t<\/div>\n\t\t<\/div>\n\t\t\t\t\t<\/div>\n\t\t<\/section>\n\t\t\t\t<section class=\"elementor-section elementor-top-section elementor-element elementor-element-3dba940 elementor-section-boxed elementor-section-height-default elementor-section-height-default\" data-id=\"3dba940\" data-element_type=\"section\">\n\t\t\t\t\t\t<div class=\"elementor-container elementor-column-gap-default\">\n\t\t\t\t\t<div class=\"elementor-column elementor-col-50 elementor-top-column elementor-element elementor-element-6e94c51\" data-id=\"6e94c51\" data-element_type=\"column\">\n\t\t\t<div class=\"elementor-widget-wrap elementor-element-populated\">\n\t\t\t\t\t\t<div class=\"elementor-element elementor-element-f14a76a elementor-widget elementor-widget-heading\" data-id=\"f14a76a\" data-element_type=\"widget\" data-widget_type=\"heading.default\">\n\t\t\t\t<div class=\"elementor-widget-container\">\n\t\t\t<h2 class=\"elementor-heading-title elementor-size-default\">Affinities and demand signals<\/h2>\t\t<\/div>\n\t\t\t\t<\/div>\n\t\t\t\t<div class=\"elementor-element elementor-element-5a6ebe4 elementor-widget elementor-widget-text-editor\" data-id=\"5a6ebe4\" data-element_type=\"widget\" data-widget_type=\"text-editor.default\">\n\t\t\t\t<div class=\"elementor-widget-container\">\n\t\t\t\t\t\t\t<p>We compare your customers and users with peer groups of the same socio-demographics and calculate affinities for the targeting categories. In this way, customer-specific interests can be identified even more precisely. In most cases, it is even possible to see how large the shopping cart will be for the next purchase.<\/p><p>We combine this with a prediction of when products from certain ranges or categories will be purchased again. In this way, we enable truly precise up- and cross-selling with maximum conversion.<\/p>\t\t\t\t\t\t<\/div>\n\t\t\t\t<\/div>\n\t\t\t\t<div class=\"elementor-element elementor-element-fbd45ca elementor-align-left elementor-widget elementor-widget-button\" data-id=\"fbd45ca\" data-element_type=\"widget\" data-widget_type=\"button.default\">\n\t\t\t\t<div class=\"elementor-widget-container\">\n\t\t\t\t\t<div class=\"elementor-button-wrapper\">\n\t\t\t<a class=\"elementor-button elementor-button-link elementor-size-sm\" href=\"https:\/\/finanzmining.de\/use-cases\/consumer-and-finance-targeting\">\n\t\t\t\t\t\t<span class=\"elementor-button-content-wrapper\">\n\t\t\t\t\t\t\t\t\t<span class=\"elementor-button-text\">Learn more<\/span>\n\t\t\t\t\t<\/span>\n\t\t\t\t\t<\/a>\n\t\t<\/div>\n\t\t\t\t<\/div>\n\t\t\t\t<\/div>\n\t\t\t\t\t<\/div>\n\t\t<\/div>\n\t\t\t\t<div class=\"elementor-column elementor-col-50 elementor-top-column elementor-element elementor-element-2f421cf\" data-id=\"2f421cf\" data-element_type=\"column\">\n\t\t\t<div class=\"elementor-widget-wrap elementor-element-populated\">\n\t\t\t\t\t\t<div class=\"elementor-element elementor-element-8822d79 elementor-widget elementor-widget-image\" data-id=\"8822d79\" data-element_type=\"widget\" data-widget_type=\"image.default\">\n\t\t\t\t<div class=\"elementor-widget-container\">\n\t\t\t\t\t\t\t\t\t\t\t\t\t<img data-rjs=\"2\" decoding=\"async\" width=\"600\" height=\"400\" src=\"https:\/\/finanzmining.de\/wp-content\/uploads\/2021\/04\/CRM-Targeting-600x400-1.png\" class=\"attachment-large size-large wp-image-3960\" alt=\"\" srcset=\"https:\/\/finanzmining.de\/wp-content\/uploads\/2021\/04\/CRM-Targeting-600x400-1.png 600w, https:\/\/finanzmining.de\/wp-content\/uploads\/2021\/04\/CRM-Targeting-600x400-1-300x200.png 300w, https:\/\/finanzmining.de\/wp-content\/uploads\/2021\/04\/CRM-Targeting-600x400-1-60x40.png 60w, https:\/\/finanzmining.de\/wp-content\/uploads\/2021\/04\/CRM-Targeting-600x400-1-120x80.png 120w, https:\/\/finanzmining.de\/wp-content\/uploads\/2021\/04\/CRM-Targeting-600x400-1-394x263.png 394w\" sizes=\"(max-width: 600px) 100vw, 600px\" \/>\t\t\t\t\t\t\t\t\t\t\t\t\t<\/div>\n\t\t\t\t<\/div>\n\t\t\t\t\t<\/div>\n\t\t<\/div>\n\t\t\t\t\t<\/div>\n\t\t<\/section>\n\t\t\t\t<section class=\"elementor-section elementor-top-section elementor-element elementor-element-319bf93 elementor-section-boxed elementor-section-height-default elementor-section-height-default\" data-id=\"319bf93\" data-element_type=\"section\">\n\t\t\t\t\t\t<div class=\"elementor-container elementor-column-gap-default\">\n\t\t\t\t\t<div class=\"elementor-column elementor-col-100 elementor-top-column elementor-element elementor-element-aafead9\" data-id=\"aafead9\" data-element_type=\"column\">\n\t\t\t<div class=\"elementor-widget-wrap elementor-element-populated\">\n\t\t\t\t\t\t<div class=\"elementor-element elementor-element-412d63b elementor-widget elementor-widget-spacer\" data-id=\"412d63b\" data-element_type=\"widget\" data-widget_type=\"spacer.default\">\n\t\t\t\t<div class=\"elementor-widget-container\">\n\t\t\t\t\t<div class=\"elementor-spacer\">\n\t\t\t<div class=\"elementor-spacer-inner\"><\/div>\n\t\t<\/div>\n\t\t\t\t<\/div>\n\t\t\t\t<\/div>\n\t\t\t\t<div class=\"elementor-element elementor-element-4202dd5 elementor-widget-divider--view-line elementor-widget elementor-widget-divider\" data-id=\"4202dd5\" data-element_type=\"widget\" data-widget_type=\"divider.default\">\n\t\t\t\t<div class=\"elementor-widget-container\">\n\t\t\t\t\t<div class=\"elementor-divider\">\n\t\t\t<span class=\"elementor-divider-separator\">\n\t\t\t\t\t\t<\/span>\n\t\t<\/div>\n\t\t\t\t<\/div>\n\t\t\t\t<\/div>\n\t\t\t\t<div class=\"elementor-element elementor-element-6da460d elementor-widget elementor-widget-spacer\" data-id=\"6da460d\" data-element_type=\"widget\" data-widget_type=\"spacer.default\">\n\t\t\t\t<div class=\"elementor-widget-container\">\n\t\t\t\t\t<div class=\"elementor-spacer\">\n\t\t\t<div class=\"elementor-spacer-inner\"><\/div>\n\t\t<\/div>\n\t\t\t\t<\/div>\n\t\t\t\t<\/div>\n\t\t\t\t\t<\/div>\n\t\t<\/div>\n\t\t\t\t\t<\/div>\n\t\t<\/section>\n\t\t\t\t<section class=\"elementor-section elementor-top-section elementor-element elementor-element-c4e322a elementor-section-content-middle elementor-section-boxed elementor-section-height-default elementor-section-height-default\" data-id=\"c4e322a\" data-element_type=\"section\">\n\t\t\t\t\t\t<div class=\"elementor-container elementor-column-gap-default\">\n\t\t\t\t\t<div class=\"elementor-column elementor-col-50 elementor-top-column elementor-element elementor-element-c2a97ec\" data-id=\"c2a97ec\" data-element_type=\"column\">\n\t\t\t<div class=\"elementor-widget-wrap elementor-element-populated\">\n\t\t\t\t\t\t<div class=\"elementor-element elementor-element-6043d6c elementor-widget elementor-widget-image\" data-id=\"6043d6c\" data-element_type=\"widget\" data-widget_type=\"image.default\">\n\t\t\t\t<div class=\"elementor-widget-container\">\n\t\t\t\t\t\t\t\t\t\t\t\t\t<img data-rjs=\"2\" decoding=\"async\" width=\"600\" height=\"400\" src=\"https:\/\/finanzmining.de\/wp-content\/uploads\/2021\/04\/Customer-Loyalty-600x400-1.png\" class=\"attachment-large size-large wp-image-3961\" alt=\"\" srcset=\"https:\/\/finanzmining.de\/wp-content\/uploads\/2021\/04\/Customer-Loyalty-600x400-1.png 600w, https:\/\/finanzmining.de\/wp-content\/uploads\/2021\/04\/Customer-Loyalty-600x400-1-300x200.png 300w, https:\/\/finanzmining.de\/wp-content\/uploads\/2021\/04\/Customer-Loyalty-600x400-1-60x40.png 60w, https:\/\/finanzmining.de\/wp-content\/uploads\/2021\/04\/Customer-Loyalty-600x400-1-120x80.png 120w, https:\/\/finanzmining.de\/wp-content\/uploads\/2021\/04\/Customer-Loyalty-600x400-1-394x263.png 394w\" sizes=\"(max-width: 600px) 100vw, 600px\" \/>\t\t\t\t\t\t\t\t\t\t\t\t\t<\/div>\n\t\t\t\t<\/div>\n\t\t\t\t\t<\/div>\n\t\t<\/div>\n\t\t\t\t<div class=\"elementor-column elementor-col-50 elementor-top-column elementor-element elementor-element-19d5597\" data-id=\"19d5597\" data-element_type=\"column\">\n\t\t\t<div class=\"elementor-widget-wrap elementor-element-populated\">\n\t\t\t\t\t\t<div class=\"elementor-element elementor-element-6f25ac2 elementor-widget elementor-widget-heading\" data-id=\"6f25ac2\" data-element_type=\"widget\" data-widget_type=\"heading.default\">\n\t\t\t\t<div class=\"elementor-widget-container\">\n\t\t\t<h2 class=\"elementor-heading-title elementor-size-default\">Customer loyalty programs<\/h2>\t\t<\/div>\n\t\t\t\t<\/div>\n\t\t\t\t<div class=\"elementor-element elementor-element-1e1f8ad elementor-widget elementor-widget-text-editor\" data-id=\"1e1f8ad\" data-element_type=\"widget\" data-widget_type=\"text-editor.default\">\n\t\t\t\t<div class=\"elementor-widget-container\">\n\t\t\t\t\t\t\t<p>We support you comprehensively with mechanisms for successful customer retention. In our tools and cockpits, simply configure the advantage offers that you want to play out to your customers.<\/p><p>You don&#8217;t have to worry about the technology. You can integrate our customer loyalty technology into your website or store system without any time-consuming in-house development. If you wish &#8211; for example, if you are active in stationary retail &#8211; we also have complete white-label solutions ready to go, which run independently and are available immediately.<\/p>\t\t\t\t\t\t<\/div>\n\t\t\t\t<\/div>\n\t\t\t\t<div class=\"elementor-element elementor-element-f094ad0 elementor-align-left elementor-widget elementor-widget-button\" data-id=\"f094ad0\" data-element_type=\"widget\" data-widget_type=\"button.default\">\n\t\t\t\t<div class=\"elementor-widget-container\">\n\t\t\t\t\t<div class=\"elementor-button-wrapper\">\n\t\t\t<a class=\"elementor-button elementor-button-link elementor-size-sm\" href=\"https:\/\/finanzmining.de\/use-cases\/consumer-and-finance-targeting\">\n\t\t\t\t\t\t<span class=\"elementor-button-content-wrapper\">\n\t\t\t\t\t\t\t\t\t<span class=\"elementor-button-text\">Learn more<\/span>\n\t\t\t\t\t<\/span>\n\t\t\t\t\t<\/a>\n\t\t<\/div>\n\t\t\t\t<\/div>\n\t\t\t\t<\/div>\n\t\t\t\t\t<\/div>\n\t\t<\/div>\n\t\t\t\t\t<\/div>\n\t\t<\/section>\n\t\t\t\t<section class=\"elementor-section elementor-top-section elementor-element elementor-element-a78f090 elementor-section-boxed elementor-section-height-default elementor-section-height-default\" data-id=\"a78f090\" data-element_type=\"section\">\n\t\t\t\t\t\t<div class=\"elementor-container elementor-column-gap-default\">\n\t\t\t\t\t<div class=\"elementor-column elementor-col-100 elementor-top-column elementor-element elementor-element-383ebc3\" data-id=\"383ebc3\" data-element_type=\"column\">\n\t\t\t<div class=\"elementor-widget-wrap elementor-element-populated\">\n\t\t\t\t\t\t<div class=\"elementor-element elementor-element-d0be669 elementor-widget elementor-widget-spacer\" data-id=\"d0be669\" data-element_type=\"widget\" data-widget_type=\"spacer.default\">\n\t\t\t\t<div class=\"elementor-widget-container\">\n\t\t\t\t\t<div class=\"elementor-spacer\">\n\t\t\t<div class=\"elementor-spacer-inner\"><\/div>\n\t\t<\/div>\n\t\t\t\t<\/div>\n\t\t\t\t<\/div>\n\t\t\t\t\t<\/div>\n\t\t<\/div>\n\t\t\t\t\t<\/div>\n\t\t<\/section>\n\t\t\t\t<\/div>\n\t\t","protected":false},"excerpt":{"rendered":"<p>Sell more and more accurately and retain customers Targeting with thousands of categories. Affinities and demand signals. Increase customer loyalty Contact us For dealers and agencies Was wissen Sie wirklich \u00fcber Ihre Kunden? Schalten Sie einfach nur Werbung und setzen &hellip; <a href=\"https:\/\/finanzmining.de\/en\/solutions\/retailers-and-agencies\/\">Read More<\/a><\/p>\n","protected":false},"author":2,"featured_media":0,"parent":3865,"menu_order":5,"comment_status":"closed","ping_status":"closed","template":"","meta":{"footnotes":""},"class_list":["post-3874","page","type-page","status-publish","hentry"],"_links":{"self":[{"href":"https:\/\/finanzmining.de\/en\/wp-json\/wp\/v2\/pages\/3874","targetHints":{"allow":["GET"]}}],"collection":[{"href":"https:\/\/finanzmining.de\/en\/wp-json\/wp\/v2\/pages"}],"about":[{"href":"https:\/\/finanzmining.de\/en\/wp-json\/wp\/v2\/types\/page"}],"author":[{"embeddable":true,"href":"https:\/\/finanzmining.de\/en\/wp-json\/wp\/v2\/users\/2"}],"replies":[{"embeddable":true,"href":"https:\/\/finanzmining.de\/en\/wp-json\/wp\/v2\/comments?post=3874"}],"version-history":[{"count":7,"href":"https:\/\/finanzmining.de\/en\/wp-json\/wp\/v2\/pages\/3874\/revisions"}],"predecessor-version":[{"id":4107,"href":"https:\/\/finanzmining.de\/en\/wp-json\/wp\/v2\/pages\/3874\/revisions\/4107"}],"up":[{"embeddable":true,"href":"https:\/\/finanzmining.de\/en\/wp-json\/wp\/v2\/pages\/3865"}],"wp:attachment":[{"href":"https:\/\/finanzmining.de\/en\/wp-json\/wp\/v2\/media?parent=3874"}],"curies":[{"name":"wp","href":"https:\/\/api.w.org\/{rel}","templated":true}]}}