{"id":3859,"date":"2021-03-29T13:45:40","date_gmt":"2021-03-29T12:45:40","guid":{"rendered":"https:\/\/finanzmining.de\/privacy-policy\/"},"modified":"2021-03-29T13:45:40","modified_gmt":"2021-03-29T12:45:40","slug":"privacy-policy","status":"publish","type":"page","link":"https:\/\/finanzmining.de\/en\/privacy-policy\/","title":{"rendered":"Privacy Policy"},"content":{"rendered":"\t\t<div data-elementor-type=\"wp-page\" data-elementor-id=\"3859\" class=\"elementor elementor-3859 elementor-31\">\n\t\t\t\t\t\t<section class=\"elementor-section elementor-top-section elementor-element elementor-element-852378a elementor-section-boxed elementor-section-height-default elementor-section-height-default\" data-id=\"852378a\" data-element_type=\"section\">\n\t\t\t\t\t\t<div class=\"elementor-container elementor-column-gap-default\">\n\t\t\t\t\t<div class=\"elementor-column elementor-col-100 elementor-top-column elementor-element elementor-element-003bfd7\" data-id=\"003bfd7\" data-element_type=\"column\">\n\t\t\t<div class=\"elementor-widget-wrap elementor-element-populated\">\n\t\t\t\t\t\t<div class=\"elementor-element elementor-element-9e0d163 elementor-widget elementor-widget-heading\" data-id=\"9e0d163\" data-element_type=\"widget\" data-widget_type=\"heading.default\">\n\t\t\t\t<div class=\"elementor-widget-container\">\n\t\t\t<h2 class=\"elementor-heading-title elementor-size-default\">Datenschutzbestimmungen der Cashbuzz GmbH<\/h2>\t\t<\/div>\n\t\t\t\t<\/div>\n\t\t\t\t\t<\/div>\n\t\t<\/div>\n\t\t\t\t\t<\/div>\n\t\t<\/section>\n\t\t\t\t<section class=\"elementor-section elementor-top-section elementor-element elementor-element-5722e72 elementor-section-boxed elementor-section-height-default elementor-section-height-default\" data-id=\"5722e72\" data-element_type=\"section\">\n\t\t\t\t\t\t<div class=\"elementor-container elementor-column-gap-default\">\n\t\t\t\t\t<div class=\"elementor-column elementor-col-100 elementor-top-column elementor-element elementor-element-57e2117\" data-id=\"57e2117\" data-element_type=\"column\">\n\t\t\t<div class=\"elementor-widget-wrap elementor-element-populated\">\n\t\t\t\t\t\t<div class=\"elementor-element elementor-element-2f91a05 elementor-widget elementor-widget-text-editor\" data-id=\"2f91a05\" data-element_type=\"widget\" data-widget_type=\"text-editor.default\">\n\t\t\t\t<div class=\"elementor-widget-container\">\n\t\t\t\t\t\t\t<p><span style=\"color: inherit; font-family: inherit; font-size: inherit; font-style: inherit; font-weight: inherit;\">CASHBUZZ nimmt den Schutz Ihrer pers\u00f6nlichen Daten sehr ernst. Wir behandeln Ihre personenbezogenen Daten vertraulich und entsprechend der gesetzlichen Datenschutzvorschriften sowie dieser Datenschutzerkl\u00e4rung.<\/span><\/p><p>Wenn Sie unsere SERVICES nutzen, werden verschiedene personenbezogene Daten erhoben. Personenbezogene Daten sind Daten, mit denen Sie pers\u00f6nlich identifiziert werden k\u00f6nnen. Die vorliegende Datenschutzerkl\u00e4rung erl\u00e4utert, welche Daten wir erheben und wof\u00fcr wir sie nutzen. Sie erl\u00e4utert auch, wie und zu welchem Zweck das geschieht.<\/p><p>Wir weisen darauf hin, dass die Daten\u00fcbertragung im Internet (z.B. bei der Kommunikation per E-Mail) Sicherheitsl\u00fccken aufweisen kann. Ein l\u00fcckenloser Schutz der Daten vor dem Zugriff durch Dritte ist nicht m\u00f6glich.<\/p><p>Die folgenden Hinweise geben einen einfachen \u00dcberblick dar\u00fcber, was mit Ihren personenbezogenen Daten passiert, wenn Sie unsere Services nutzen. Personenbezogene Daten sind alle Daten, mit denen Sie pers\u00f6nlich identifiziert werden k\u00f6nnen. Ausf\u00fchrliche Informationen zum Thema Datenschutz entnehmen Sie unserer unter diesem Text aufgef\u00fchrten Datenschutzerkl\u00e4rung.<\/p><h4>1. Definitionen<\/h4><p>\u201eCASHBUZZ\u201c bezeichnet die Cashbuzz GmbH, Haubachstra\u00dfe 4, 10585 Berlin, eingetragen im Amtsgericht Berlin (Charlottenburg) unter HRB 205742 B.<\/p><p>\u201eSERVICE(S)\u201c bezeichnen Dienste der CASHBUZZ, unabh\u00e4ngig davon, ob diese \u00fcber eine Programmierschnittstelle (API), als Softwareanwendung im Browser, als App auf dem Mobiltelefon oder als Applikation auf dem Rechner des Nutzers angeboten bzw. verwendet werden.<\/p><h4>2. Name und Anschrift des f\u00fcr die Verarbeitung Verantwortlichen<\/h4><p>Verantwortlicher im Sinne der Datenschutz-Grundverordnung, sonstiger in den Mitgliedstaaten der Europ\u00e4ischen Union geltenden Datenschutzgesetze und anderer Bestimmungen mit datenschutzrechtlichem Charakter ist die:<\/p><p>Cashbuzz GmbH<\/p><p>Haubachstra\u00dfe 4<\/p><p>10585 Berlin<\/p><p>Telefon +49 (30) 37472835<\/p><p>E-Mail: <a href=\"mailto:service@cashbuzz.io\">service@cashbuzz.io<\/a><\/p><h4>3. SSL- bzw. TLS-Verschl\u00fcsselung<\/h4><p>CASHBUZZ nutzt aus Sicherheitsgr\u00fcnden und zum Schutz der \u00dcbertragung vertraulicher Inhalte, wie zum Beispiel Bestellungen oder Anfragen, die Sie an uns senden, eine SSL-bzw. TLS-Verschl\u00fcsselung. Eine verschl\u00fcsselte Verbindung erkennen Sie daran, dass die Adresszeile des Browsers von \u201ehttp:\/\/\u201c auf \u201ehttps:\/\/\u201c wechselt und an dem Schloss-Symbol in Ihrer Browserzeile.<\/p><p>Wenn die SSL- bzw. TLS-Verschl\u00fcsselung aktiviert ist, k\u00f6nnen die Daten, die Sie an uns \u00fcbermitteln, nicht von Dritten mitgelesen werden.<\/p><h4>4. Erhebung und Verwendung von Nutzungsdaten\u00a0<\/h4><h5>4.1 Cookies<\/h5><p>Wir verwenden bei der Zurverf\u00fcgungstellung unserer SERVICES Cookies. Cookies richten auf Ihrem Endger\u00e4t keinen Schaden an und enthalten keine Viren. Cookies dienen dazu, unser Angebot nutzerfreundlicher, effektiver und sicherer zu machen. Cookies sind kleine Textdateien, die auf Ihrem Endger\u00e4t abgelegt werden und die Ihr Browser speichert.<\/p><p>Sie k\u00f6nnen Ihren Browser so einstellen, dass Sie \u00fcber das Setzen von Cookies informiert werden und Cookies nur im Einzelfall erlauben, die Annahme von Cookies f\u00fcr bestimmte F\u00e4lle oder generell ausschlie\u00dfen sowie das automatische L\u00f6schen der Cookies beim Schlie\u00dfen des Browsers aktivieren. Bei der Deaktivierung von Cookies kann die Funktionalit\u00e4t dieser Website eingeschr\u00e4nkt sein.<\/p><p>Die meisten der von uns verwendeten Cookies sind so genannte \u201eSession-Cookies\u201c. Sie werden nach Ende Ihres Besuchs automatisch gel\u00f6scht. Andere Cookies bleiben auf Ihrem Endger\u00e4t gespeichert, bis Sie diese l\u00f6schen. Diese Cookies erm\u00f6glichen es uns, Ihren Browser beim n\u00e4chsten Besuch wiederzuerkennen.<\/p><p>Cookies, die zur Durchf\u00fchrung des elektronischen Kommunikationsvorgangs oder zur Bereitstellung bestimmter, von Ihnen erw\u00fcnschter Funktionen (z.B. Anmeldefunktion) erforderlich sind, werden auf Grundlage von Art. 6 Abs. 1 lit. f DSGVO gespeichert. Der Webseitenbetreiber hat ein berechtigtes Interesse an der Speicherung der Cookies zur technisch fehlerfreien und optimalen Bereitstellung seiner Dienste. Soweit andere Cookies (z.B. Cookies zur Analyse Ihres Surfverhaltens) gespeichert werden, werden diese in dieser Datenschutzerkl\u00e4rung gesondert behandelt.\u00a0<\/p><h5>4.2 Server-Log-Files<\/h5><p>Der Provider der Seiten erhebt und speichert automatisch Informationen in so genannten Server-Log Files, die Ihr Browser automatisch an uns \u00fcbermittelt. Dies sind:<\/p><ul><li>Browsertyp und Browserversion<\/li><li>verwendetes Betriebssystem<\/li><li>Referrer URL<\/li><li>Hostname des zugreifenden Rechners<\/li><li>Uhrzeit der Serveranfrage<\/li><li>IP-Adresse<\/li><\/ul><p>Eine Zusammenf\u00fchrung dieser Daten mit anderen Datenquellen wird nicht vorgenommen. Wir behalten uns vor, diese Daten nachtr\u00e4glich zu pr\u00fcfen, wenn uns konkrete Anhaltspunkte f\u00fcr eine rechtswidrige Nutzung bekannt werden. Die Erfassung dieser Daten erfolgt auf Grundlage von Art. 6 Abs. 1 lit. f DSGVO. Der Webseitenbetreiber hat ein berechtigtes Interesse an der technisch fehlerfreien und optimalen Darstellung seiner Webseite \u2013 hierzu m\u00fcssen die Server-Log-Files erfasst werden.<\/p><h5>4.3 Einsatz von Google Analytics<\/h5><p>Unsere Website verwendet Google Analytics, einen Webanalysedienst der Google Inc. (\u201eGoogle\u201c). Google Analytics verwendet sog. \u201eCookies\u201c, Textdateien, die auf Ihrem Endger\u00e4t gespeichert werden und die eine Analyse der unserer Website durch Sie erm\u00f6glichen.<\/p><p>Die durch den Cookie erzeugten Informationen \u00fcber Ihre Benutzung der Website werden in der Regel an einen Server von Google in den USA \u00fcbertragen und dort gespeichert. Im Falle der bei unserer Website verwendeten Aktivierung der IP-Anonymisierung wird Ihre IP-Adresse von Google jedoch innerhalb von Mitgliedstaaten der Europ\u00e4ischen Union oder in anderen Vertragsstaaten des Abkommens \u00fcber den Europ\u00e4ischen Wirtschaftsraum zuvor gek\u00fcrzt. Nur in Ausnahmef\u00e4llen wird die volle IP-Adresse an einen Server von Google in den USA \u00fcbertragen und dort gek\u00fcrzt. In unserem Auftrag wird Google diese Informationen benutzen, um Ihre Nutzung unserer Website auszuwerten, um Reports \u00fcber die Aktivit\u00e4ten in Verbindung mit Website zusammenzustellen und um weitere mit der Nutzung unserer Website und der Internetnutzung verbundene Dienstleistungen gegen\u00fcber uns zu erbringen.<\/p><p>Die im Rahmen von Google Analytics von Ihrem Browser \u00fcbermittelte IP-Adresse wird nicht mit anderen Daten von Google zusammengef\u00fchrt. Sie k\u00f6nnen die Speicherung der Cookies durch eine entsprechende Einstellung Ihrer Browser-Software verhindern; wir weisen Sie jedoch darauf hin, dass Sie in diesem Fall gegebenenfalls nicht s\u00e4mtliche Funktionen unserer Website vollumf\u00e4nglich werden nutzen k\u00f6nnen. Sie k\u00f6nnen dar\u00fcber hinaus die Erfassung der durch das Cookie erzeugten und auf Ihre Nutzung unserer Website bezogenen Daten (inkl. Ihrer IP-Adresse) an Google sowie die Verarbeitung dieser Daten durch Google verhindern, indem sie das unter dem folgenden Link verf\u00fcgbare Browser-Plug-in herunterladen und installieren: <a href=\"http:\/\/tools.google.com\/dlpage\/gaoptout?hl=de\">http:\/\/tools.google.com\/dlpage\/gaoptout?hl=de<\/a><\/p><p>Unsere Website verwendet Google Analytics mit der Erweiterung \u201e_anonymizeIp()\u201c. Dadurch werden IP-Adressen gek\u00fcrzt weiterverarbeitet, eine Personenbeziehbarkeit kann damit ausgeschlossen werden. Soweit den \u00fcber Sie erhobenen Daten ein Personenbezug zukommt, wird dieser also sofort ausgeschlossen und die personenbezogenen Daten damit umgehend gel\u00f6scht.<\/p><p>Wir nutzen Google Analytics, um die Nutzung unserer Website analysieren und regelm\u00e4\u00dfig verbessern zu k\u00f6nnen. \u00dcber die gewonnenen Statistiken k\u00f6nnen wir unser Angebot verbessern und f\u00fcr Sie als Nutzer interessanter ausgestalten. F\u00fcr die Ausnahmef\u00e4lle, in denen personenbezogene Daten in die USA \u00fcbertragen werden, hat sich Google dem EU-US Privacy Shield unterworfen, das Sie hier einsehen k\u00f6nnen: <a href=\"https:\/\/www.privacyshield.gov\/EU-US-Framework\">https:\/\/www.privacyshield.gov\/EU-US-Framework<\/a><\/p><p>Rechtsgrundlage f\u00fcr die Nutzung von Google Analytics ist Art. 6 Abs. 1 S. 1 lit. f DSGVO. Informationen des Drittanbieters: Google Dublin, Google Ireland Ltd., Gordon House, 4 Barrow Street, Dublin D04 E5W5, Irland, Fax: +353 (1) 436 1001.<\/p><p>Die \u00dcbersicht zum Datenschutz finden Sie hier: <a href=\"https:\/\/policies.google.com\/?hl=de&amp;gl=de\">https:\/\/policies.google.com\/?hl=de&amp;gl=de<\/a><\/p><p>Die Datenschutzerkl\u00e4rung finden Sie hier: <a href=\"http:\/\/www.google.de\/intl\/de\/policies\/privacy\">http:\/\/www.google.de\/intl\/de\/policies\/privacy<\/a><\/p><h4>5. Erhebung und Verwendung Ihrer pers\u00f6nlichen Daten<\/h4><p>Soweit Sie uns personenbezogene Daten zur Verf\u00fcgung gestellt haben, verwenden wir diese zur Beantwortung Ihrer Anfragen, f\u00fcr die Begr\u00fcndung, inhaltliche Ausgestaltung, \u00c4nderung, Erf\u00fcllung, Abrechnung oder zur Abwicklung der Vertr\u00e4ge, sowie \u2013 im Rahmen des gesetzlich Zul\u00e4ssigen \u2013 f\u00fcr eigene Werbezwecke.<\/p><h5>5.1 Anfragen<\/h5><p>Wenn Sie uns telefonisch, per Post, per Kontaktformular oder E-Mail Anfragen zukommen lassen, werden Ihre Angaben aus der Anfrage bzw. der E-Mail inklusive der von Ihnen dort angegebenen Kontaktdaten zwecks Bearbeitung der Anfrage und f\u00fcr den Fall von Anschlussfragen bei uns gespeichert. Diese Daten geben wir nicht ohne Ihre Einwilligung weiter.<\/p><p>Die Verarbeitung der von Ihnen angegebenen bzw. der per Kontaktformular oder E-Mail \u00fcbermittelten Daten erfolgt ausschlie\u00dflich auf Grundlage Ihrer Einwilligung (Art. 6 Abs. 1 lit. a DSGVO). Sie k\u00f6nnen diese Einwilligung jederzeit widerrufen. Dazu reicht eine formlose Mitteilung per E-Mail an uns. Die Rechtm\u00e4\u00dfigkeit der bis zum Widerruf erfolgten Datenverarbeitungsvorg\u00e4nge bleibt vom Widerruf unber\u00fchrt.<\/p><p>Die von Ihnen angegebenen bzw. \u00fcbermittelten Daten verbleiben bei uns, bis Sie uns zur L\u00f6schung auffordern, Ihre Einwilligung zur Speicherung widerrufen oder der Zweck f\u00fcr die Datenspeicherung entf\u00e4llt (z.B. nach abgeschlossener Bearbeitung Ihrer Anfrage). Zwingende gesetzliche Bestimmungen \u2013 insb. Aufbewahrungsfristen \u2013 bleiben unber\u00fchrt.\u00a0<\/p><h5>5.2 Verarbeiten von Kunden- und Vertragsdaten\u00a0<\/h5><p>Zur Durchf\u00fchrung des durch Ihre Registrierung mit uns abgeschlossenen Nutzungsvertrages\u00a0 erheben, verarbeiten und nutzen personenbezogene Daten nur, soweit sie f\u00fcr die Begr\u00fcndung, inhaltliche Ausgestaltung oder \u00c4nderung des Rechtsverh\u00e4ltnisses erforderlich sind (Bestandsdaten). Sie k\u00f6nnen sich bei uns registrieren, um unsere SERVICES zu nutzen. Welche personenbezogenen Daten durch die Registrierung zur Nutzung unserer SERVICES an uns \u00fcbermittelt werden, ergibt sich aus dem jeweiligen Erfassungsformular, das f\u00fcr die Registrierung verwendet wird. Die eingegebenen Daten verwenden wir nur zum Zwecke der Nutzung des jeweiligen SERVICES, f\u00fcr den Sie sich registriert haben. Die bei der Registrierung abgefragten Pflichtangaben m\u00fcssen vollst\u00e4ndig angegeben werden. Anderenfalls werden wir die Registrierung ablehnen.\u00a0\u00a0<\/p><p>F\u00fcr wichtige \u00c4nderungen etwa beim Angebotsumfang oder bei technisch notwendigen \u00c4nderungen nutzen wir soweit vorhanden die bei der Registrierung angegebene E-Mail-Adresse, um Sie auf diesem Wege zu informieren.<\/p><p>Im Rahmen und zur Erm\u00f6glichung der SERVICES erhebt, verarbeitet, speichert und nutzt CASHBUZZ abh\u00e4ngig vom jeweils genutzten Teilservice folgende personenbezogene Daten:<\/p><ul><li>Nutzerdaten: Emailadresse, Vorname, Nachname, Anschrift, Telefonnummer, Geburtsdatum. Au\u00dferdem Kontostammdaten f\u00fcr die Konten des Nutzers jeweils mit Namen der Bank, IBAN, BIC, Kontotyp, Kontoverwaltungsdaten.\u00a0<\/li><li>Transaktionsdaten: Kontosalden und Kontost\u00e4nde. Au\u00dferdem die Zahlungshistorie mitsamt den einzelnen Transaktionen. F\u00fcr die einzelnen Transaktionen die zugeh\u00f6rigen Informationen wie Transaktionsdatum (Buchungsdatum und Valuta), Betrag und W\u00e4hrung, Zahlungsgegenpartei sowie deren Bankverbindung, Zahlungsfrequenz, Zahlungskategorie, Zahlungsausl\u00f6ser wie beispielsweise Dauerauftrag oder Lastschrift mitsamt SEPA-Gl\u00e4ubiger-ID, Mandats- und Referenznummern, Vertragsart im Fall von Vertr\u00e4gen oder Mitgliedschaften, sowie Verwendungszweck.\u00a0<\/li><li>Verm\u00f6gensdaten: Verm\u00f6gensgegenst\u00e4nde \u2013 darin eingeschlossen Wertpapiere, Immobilien, Anlage- und Vorsorgeprodukte sowie kapitalbildende Versicherungen &#8211; mit deren Art, Namen und Mengen. Identifikatoren f\u00fcr die Verm\u00f6gensgegenst\u00e4nde, im Falle von Wertpapieren beispielsweise ISIN bzw. WKN. Weiterhin Erwerbsdatum, Preise und Werte f\u00fcr beliebige Zeitpunkte an und zwischen Erwerbsdatum und aktuellem Datum.<\/li><li>Nutzungsdaten: Im Rahmen der Nutzung der SERVICES verarbeitet und speichert CASHBUZZ Nutzungsdaten, welche Aufschluss dar\u00fcber geben, wie bzw. wann die Nutzer die SERVICES verwenden.<\/li><\/ul><p>CASHBUZZ erhebt und verarbeitet die Daten entsprechend der Funktionen der jeweiligen SERVICES auch zum Zweck der den jeweiligen SERVICES entsprechenden Analysen und Auswertungen, um die Nutzer vollinhaltlich und bestm\u00f6glich bei der Nutzung des SERVICES unterst\u00fctzen zu k\u00f6nnen sowie um eine generelle Marktanalyse durchzuf\u00fchren.\u00a0<\/p><p>Dies erfolgt auf Grundlage von Art. 6 Abs. 1 lit. b DSGVO, der die Verarbeitung von Daten zur Erf\u00fcllung eines Vertrags oder vorvertraglicher Ma\u00dfnahmen gestattet. Personenbezogene Daten \u00fcber die Inanspruchnahme unserer Internetseiten (Nutzungsdaten, s.o.) erheben, verarbeiten und nutzen wir nur, soweit dies erforderlich ist, um dem Nutzer die Inanspruchnahme des Dienstes zu erm\u00f6glichen oder abzurechnen.\u00a0<\/p><p>Die erhobenen Kundendaten werden nach Beendigung der Vertragsbeziehung gel\u00f6scht, nicht jedoch vor Ablauf der gesetzlichen Aufbewahrungsfristen.\u00a0<\/p><p>Wir \u00fcbermitteln personenbezogene Daten an Dritte nur dann, wenn dies im Rahmen der Vertragsabwicklung notwendig ist; etwa an den mit der Abwicklung eines Finanzvorteils beauftragten Dienstleister. Eine weitergehende \u00dcbermittlung der Daten erfolgt nicht bzw. nur dann, wenn Sie der \u00dcbermittlung ausdr\u00fccklich zugestimmt haben. Eine Weitergabe Ihrer Daten an Dritte ohne ausdr\u00fcckliche Einwilligung, etwa zu Zwecken der Werbung, erfolgt nicht.<\/p><p>Grundlage f\u00fcr die Datenverarbeitung ist Art. 6 Abs. 1 lit. b DSGVO, der die Verarbeitung von Daten zur Erf\u00fcllung eines Vertrags oder vorvertraglicher Ma\u00dfnahmen gestattet.<\/p><h5>5.3 Nutzung des Nachrichtendienstes<\/h5><p>Falls der SERVICE eine aus einem App-Store heruntergeladene App ist oder der SERVICE in einem Webbrowser l\u00e4uft, wird im Zuge der Nutzung der Apple APNS-Service bzw. der Google Push-Service bzw. ein Desktop Notification Service ben\u00f6tigt, jeweils nachfolgend als \u201eNACHRICHTENDIENST\u201c bezeichnet. \u00dcber diesen informiert CASHBUZZ im Rahmen der Nutzung der SERVICES zu relevanten Ereignissen, auch wenn der SERVICE gerade nicht aktiv genutzt wird. Mit dem NACHRICHTENDIENST wird dem Ger\u00e4t von Apple bzw. Google bzw. dem Desktop Notification Service ein sogenanntes Registrierungstoken zugeteilt. Zweck der Verwendung dieses Registrierungstoken durch CASHBUZZ ist allein die Erbringung des NACHRICHTENDIENSTES. Ohne Registrierungstoken kann CASHBUZZ aus technischen Gr\u00fcnden keine Mitteilungen des NACHRICHTENDIENSTES zusenden. Es handelt sich bei dieser Kennung um verschl\u00fcsselte, zuf\u00e4llig generierte Zahlenfolgen.<\/p><p>Die Verarbeitung dieser Daten erfolgt ausschlie\u00dflich auf Grundlage Ihrer gegen\u00fcber dem jeweiligen Anbieter des NACHRICHTENDIENSTES und CASHBUZZ erteilten Einwilligung. Sie k\u00f6nnen die gegen\u00fcber CASHBUZZ erteilte Einwilligung jederzeit widerrufen. Dazu reicht eine formlose Mitteilung per E-Mail an uns oder die Abmeldung vom NACHRICHTENDIENST innerhalb des Endger\u00e4ts bzw. des Browsers. Die Rechtm\u00e4\u00dfigkeit der bis zum Widerruf erfolgten Datenverarbeitungsvorg\u00e4nge bleibt vom Widerruf unber\u00fchrt.<\/p><p>Ihre Daten verbleiben bei uns, bis Sie uns zur L\u00f6schung auffordern oder Ihre Einwilligung zur Speicherung widerrufen. Zwingende gesetzliche Bestimmungen \u2013 insbesondere Aufbewahrungsfristen \u2013 bleiben unber\u00fchrt.<\/p><h5>5.4 Verarbeitung zur Erf\u00fcllung rechtlicher Verpflichtungen<\/h5><p>Alle in den vorigen Punkten genannten personenbezogenen Daten verarbeiten wir soweit erforderlich auch zur Erf\u00fcllung von rechtlichen Verpflichtungen wie z.B. Handels-, Steuergesetzen (Art. 6 Abs. 1 c DSGVO). Diese Verpflichtungen sind insbesondere die Erf\u00fcllung steuerrechtlicher Kontroll- und Meldepflichten sowie die Archivierung von Daten zu Zwecken des Datenschutzes und der Datensicherheit sowie der Pr\u00fcfung durch Steuer- und andere Beh\u00f6rden.<\/p><p>Dar\u00fcber hinaus kann die Offenlegung personenbezogener Daten im Rahmen von beh\u00f6rdlichen\/gerichtlichen Ma\u00dfnahmen zu Zwecken der Beweiserhebung, Strafverfolgung oder Durchsetzung zivilrechtlicher Anspr\u00fcche erforderlich werden.<\/p><h4>6. Einschaltung von Dienstleistern und Weitergabe an Dritte<\/h4><p>Ihre Daten werden zur Bereitstellung unserer SERVICES und zu den vorgenannten Zwecken ggf. an uns unterst\u00fctzende technische Dienstleister (z.B. Webseitenhosting, -betreuung, Softwaresupport, Qualit\u00e4tssicherung oder Mailingdienst) weitergegeben, die wir selbstverst\u00e4ndlich sorgf\u00e4ltig ausgew\u00e4hlt und schriftlich beauftragt haben.<\/p><p>Diese Dienstleister sind an unsere Weisungen gebunden und werden von uns regelm\u00e4\u00dfig kontrolliert.<\/p><p>Die Weitergabe Ihrer Daten an andere Dritte erfolgt ansonsten nur, soweit in dieser Datenschutzerkl\u00e4rung ausdr\u00fccklich darauf hingewiesen wird oder wir dazu gesetzlich verpflichtet sind.<\/p><h4>7. Widerspruchsrecht gegen die Datenerhebung in besonderen F\u00e4llen sowie gegen Direktwerbung (Art. 21 DSGVO)<\/h4><p>Wenn die Datenverarbeitung auf Grundlage von Art. 6 Abs. 1 lit. e oder f DSGVO erfolgt, haben Sie jederzeit das Recht, aus Gr\u00fcnden, die sich aus Ihrer besonderen Situation ergeben, gegen die Verarbeitung sie betreffender personenbezogener Daten Widerspruch einzulegen; dies gilt auch f\u00fcr ein auf diese Bestimmungen gest\u00fctztes Profiling. Die jeweilige Rechtsgrundlage, auf denen eine Verarbeitung beruht entnehmen Sie dieser Datenschutzerkl\u00e4rung.<\/p><p>Wenn Sie Widerspruch einlegen, werden wir Ihre betroffenen personenbezogenen Daten nicht mehr verarbeiten, es sei denn, wir k\u00f6nnen zwingende schutzw\u00fcrdige Gr\u00fcnde f\u00fcr die Verarbeitung nachweisen, die Ihre Interessen, Rechte und Freiheiten \u00fcberwiegen oder die Verarbeitung dient der Geltendmachung, Aus\u00fcbung oder Verteidigung von Rechtsanspr\u00fcchen.<\/p><p>Werden Ihre personenbezogenen Daten verarbeitet, um Direktwerbung zu betreiben, so haben Sie das Recht, jederzeit Widerspruch gegen die Verarbeitung Sie betreffender personenbezogener Daten zum Zwecke derartiger Werbung einzulegen; dies gilt auch f\u00fcr das Profiling, soweit es mit solcher Direktwerbung in Verbindung steht. Wenn Sie widersprechen, werden Ihre personenbezogenen Daten anschlie\u00dfend nicht mehr zum Zwecke der Direktwerbung verwendet.<\/p><p>Einen Widerspruch richten Sie am besten formlos per E-Mail an uns unter: <a href=\"mailto:dsb@cashbuzz.io\">dsb@cashbuzz.io<\/a><\/p><h4>8. Widerruf Ihrer Einwilligung zur Datenverarbeitung<\/h4><p>Viele Datenverarbeitungsvorg\u00e4nge sind nur mit Ihrer Einwilligung m\u00f6glich. Diese werden wir vor Beginn der Datenverarbeitung ausdr\u00fccklich bei Ihnen einholen. Sie k\u00f6nnen diese Einwilligung jederzeit widerrufen. Dazu reicht eine formlose Mitteilung per E-Mail an uns unter: <a href=\"mailto:dsb@cashbuzz.io\">dsb@cashbuzz.io<\/a><\/p><p>Die Rechtm\u00e4\u00dfigkeit der bis zum Widerruf erfolgten Datenverarbeitungsvorg\u00e4nge bleibt vom Widerruf unber\u00fchrt.<\/p><h4>9. Auskunft, Berichtigung, Sperrung, L\u00f6schung, Einschr\u00e4nkung der Verarbeitung<\/h4><p>Sie haben im Rahmen der geltenden gesetzlichen Bestimmungen jederzeit das Recht auf unentgeltliche Auskunft \u00fcber Ihre gespeicherten personenbezogenen Daten, deren Herkunft und Empf\u00e4nger und den Zweck der Datenverarbeitung sowie ggf. ein Recht auf Berichtigung, Einschr\u00e4nkung der Verarbeitung, Sperrung oder L\u00f6schung dieser Daten. Hierzu sowie zu weiteren Fragen zum Thema personenbezogene Daten k\u00f6nnen Sie sich jederzeit an uns unter <a href=\"mailto:dsb@cashbuzz.io\">dsb@cashbuzz.io<\/a> wenden.<\/p><h4>10. Recht auf Daten\u00fcbertragbarkeit<\/h4><p>Sie haben das Recht, Daten, die wir auf Grundlage Ihrer Einwilligung oder in Erf\u00fcllung eines Vertrags automatisiert verarbeiten, an sich oder an einen anderen Verantwortlichen in einem g\u00e4ngigen, maschinenlesbaren Format aush\u00e4ndigen zu lassen. Sofern Sie die direkte \u00dcbertragung der Daten an einen anderen Verantwortlichen verlangen, erfolgt dies nur, soweit es technisch machbar ist.<\/p><h4>11. Beschwerderecht bei der zust\u00e4ndigen Aufsichtsbeh\u00f6rde<\/h4><p>Wir weisen Sie darauf hin, dass Ihnen im Falle datenschutzrechtlicher Verst\u00f6\u00dfe ein Beschwerderecht bei der zust\u00e4ndigen Aufsichtsbeh\u00f6rde zusteht. Zust\u00e4ndige Aufsichtsbeh\u00f6rde in datenschutzrechtlichen Fragen ist der Landesdatenschutzbeauftragte des Bundeslandes, in dem unser Unternehmen seinen Hauptsitz hat.\u00a0<\/p><p>Eine Liste der Datenschutzbeauftragten sowie deren Kontaktdaten k\u00f6nnen folgendem Link entnommen werden: <a href=\"https:\/\/www.bfdi.bund.de\/DE\/Infothek\/Anschriften_Links\/anschriften_links-node.html\">https:\/\/www.bfdi.bund.de\/DE\/Infothek\/Anschriften_Links\/anschriften_links-node.html<\/a><\/p><h4>12. \u00c4nderung dieser Datenschutzerkl\u00e4rung<\/h4><p>Wir behalten uns das Recht vor, diese Datenschutzbestimmungen unter Einhaltung der gesetzlichen Vorgaben jederzeit zu \u00e4ndern.<\/p><p>Version 2.0, Stand: 18. September 2019<\/p>\t\t\t\t\t\t<\/div>\n\t\t\t\t<\/div>\n\t\t\t\t\t<\/div>\n\t\t<\/div>\n\t\t\t\t\t<\/div>\n\t\t<\/section>\n\t\t\t\t<\/div>\n\t\t","protected":false},"excerpt":{"rendered":"<p>Datenschutzbestimmungen der Cashbuzz GmbH CASHBUZZ nimmt den Schutz Ihrer pers\u00f6nlichen Daten sehr ernst. Wir behandeln Ihre personenbezogenen Daten vertraulich und entsprechend der gesetzlichen Datenschutzvorschriften sowie dieser Datenschutzerkl\u00e4rung. Wenn Sie unsere SERVICES nutzen, werden verschiedene personenbezogene Daten erhoben. Personenbezogene Daten sind &hellip; <a href=\"https:\/\/finanzmining.de\/en\/privacy-policy\/\">Read More<\/a><\/p>\n","protected":false},"author":2,"featured_media":0,"parent":0,"menu_order":7,"comment_status":"closed","ping_status":"closed","template":"","meta":{"footnotes":""},"class_list":["post-3859","page","type-page","status-publish","hentry"],"_links":{"self":[{"href":"https:\/\/finanzmining.de\/en\/wp-json\/wp\/v2\/pages\/3859","targetHints":{"allow":["GET"]}}],"collection":[{"href":"https:\/\/finanzmining.de\/en\/wp-json\/wp\/v2\/pages"}],"about":[{"href":"https:\/\/finanzmining.de\/en\/wp-json\/wp\/v2\/types\/page"}],"author":[{"embeddable":true,"href":"https:\/\/finanzmining.de\/en\/wp-json\/wp\/v2\/users\/2"}],"replies":[{"embeddable":true,"href":"https:\/\/finanzmining.de\/en\/wp-json\/wp\/v2\/comments?post=3859"}],"version-history":[{"count":0,"href":"https:\/\/finanzmining.de\/en\/wp-json\/wp\/v2\/pages\/3859\/revisions"}],"wp:attachment":[{"href":"https:\/\/finanzmining.de\/en\/wp-json\/wp\/v2\/media?parent=3859"}],"curies":[{"name":"wp","href":"https:\/\/api.w.org\/{rel}","templated":true}]}}