{"id":3857,"date":"2021-03-29T13:54:45","date_gmt":"2021-03-29T12:54:45","guid":{"rendered":"https:\/\/finanzmining.de\/imprint\/"},"modified":"2022-03-25T13:14:07","modified_gmt":"2022-03-25T12:14:07","slug":"imprint","status":"publish","type":"page","link":"https:\/\/finanzmining.de\/en\/imprint\/","title":{"rendered":"Legal Notice"},"content":{"rendered":"\t\t<div data-elementor-type=\"wp-page\" data-elementor-id=\"3857\" class=\"elementor elementor-3857 elementor-38\">\n\t\t\t\t\t\t<section class=\"elementor-section elementor-top-section elementor-element elementor-element-852378a elementor-section-boxed elementor-section-height-default elementor-section-height-default\" data-id=\"852378a\" data-element_type=\"section\">\n\t\t\t\t\t\t<div class=\"elementor-container elementor-column-gap-default\">\n\t\t\t\t\t<div class=\"elementor-column elementor-col-100 elementor-top-column elementor-element elementor-element-003bfd7\" data-id=\"003bfd7\" data-element_type=\"column\">\n\t\t\t<div class=\"elementor-widget-wrap elementor-element-populated\">\n\t\t\t\t\t\t<div class=\"elementor-element elementor-element-9e0d163 elementor-widget elementor-widget-heading\" data-id=\"9e0d163\" data-element_type=\"widget\" data-widget_type=\"heading.default\">\n\t\t\t\t<div class=\"elementor-widget-container\">\n\t\t\t<h2 class=\"elementor-heading-title elementor-size-default\">Legal Notice (Impressum)<\/h2>\t\t<\/div>\n\t\t\t\t<\/div>\n\t\t\t\t\t<\/div>\n\t\t<\/div>\n\t\t\t\t\t<\/div>\n\t\t<\/section>\n\t\t\t\t<section class=\"elementor-section elementor-top-section elementor-element elementor-element-5722e72 elementor-section-boxed elementor-section-height-default elementor-section-height-default\" data-id=\"5722e72\" data-element_type=\"section\">\n\t\t\t\t\t\t<div class=\"elementor-container elementor-column-gap-default\">\n\t\t\t\t\t<div class=\"elementor-column elementor-col-100 elementor-top-column elementor-element elementor-element-57e2117\" data-id=\"57e2117\" data-element_type=\"column\">\n\t\t\t<div class=\"elementor-widget-wrap elementor-element-populated\">\n\t\t\t\t\t\t<div class=\"elementor-element elementor-element-2f91a05 elementor-widget elementor-widget-text-editor\" data-id=\"2f91a05\" data-element_type=\"widget\" data-widget_type=\"text-editor.default\">\n\t\t\t\t<div class=\"elementor-widget-container\">\n\t\t\t\t\t\t\t<h2>Angaben gem\u00e4\u00df \u00a7 5 TMG<\/h2><p>Cashbuzz GmbH<br \/>Haubachstra\u00dfe 4<br \/>10585 Berlin<\/p><p>Handelsregister: HRB 205742 B<br \/>Registergericht: Berlin-Charlottenburg<\/p><p>Umsatzsteuer-ID: DE323608590<\/p><p><strong>Vertreten durch den Gesch\u00e4ftsf\u00fchrer:<\/strong><br \/>Dr. Stefan Lang<\/p><h2>Kontakt<\/h2><p>Telefon: +49 (30) 37472835<br \/>Bitte verwenden Sie f\u00fcr Service-Anfragen zu Cashbuzz die E-Mail-Adresse service@cashbuzz.io oder\u00a0<span style=\"color: inherit; font-family: inherit; font-style: inherit; font-weight: inherit;\">service@finanzmining.de<\/span><span style=\"color: inherit; font-family: inherit; font-size: inherit; font-style: inherit; font-weight: inherit;\">!<\/span><\/p><p>E-Mail: service@finanzmining.de<\/p><p><span style=\"color: inherit; font-family: inherit; font-size: inherit; font-style: inherit; font-weight: inherit;\">Wir sind nicht bereit oder verpflichtet, an Streitbeilegungsverfahren vor einer Verbraucherschlichtungsstelle teilzunehmen.<\/span><\/p>\t\t\t\t\t\t<\/div>\n\t\t\t\t<\/div>\n\t\t\t\t\t<\/div>\n\t\t<\/div>\n\t\t\t\t\t<\/div>\n\t\t<\/section>\n\t\t\t\t<\/div>\n\t\t","protected":false},"excerpt":{"rendered":"<p>Legal Notice (Impressum) Angaben gem\u00e4\u00df \u00a7 5 TMG Cashbuzz GmbHHaubachstra\u00dfe 410585 Berlin Handelsregister: HRB 205742 BRegistergericht: Berlin-Charlottenburg Umsatzsteuer-ID: DE323608590 Vertreten durch den Gesch\u00e4ftsf\u00fchrer:Dr. Stefan Lang Kontakt Telefon: +49 (30) 37472835Bitte verwenden Sie f\u00fcr Service-Anfragen zu Cashbuzz die E-Mail-Adresse service@cashbuzz.io oder\u00a0service@finanzmining.de! &hellip; <a href=\"https:\/\/finanzmining.de\/en\/imprint\/\">Read More<\/a><\/p>\n","protected":false},"author":2,"featured_media":0,"parent":0,"menu_order":9,"comment_status":"closed","ping_status":"closed","template":"","meta":{"footnotes":""},"class_list":["post-3857","page","type-page","status-publish","hentry"],"_links":{"self":[{"href":"https:\/\/finanzmining.de\/en\/wp-json\/wp\/v2\/pages\/3857","targetHints":{"allow":["GET"]}}],"collection":[{"href":"https:\/\/finanzmining.de\/en\/wp-json\/wp\/v2\/pages"}],"about":[{"href":"https:\/\/finanzmining.de\/en\/wp-json\/wp\/v2\/types\/page"}],"author":[{"embeddable":true,"href":"https:\/\/finanzmining.de\/en\/wp-json\/wp\/v2\/users\/2"}],"replies":[{"embeddable":true,"href":"https:\/\/finanzmining.de\/en\/wp-json\/wp\/v2\/comments?post=3857"}],"version-history":[{"count":5,"href":"https:\/\/finanzmining.de\/en\/wp-json\/wp\/v2\/pages\/3857\/revisions"}],"predecessor-version":[{"id":5115,"href":"https:\/\/finanzmining.de\/en\/wp-json\/wp\/v2\/pages\/3857\/revisions\/5115"}],"wp:attachment":[{"href":"https:\/\/finanzmining.de\/en\/wp-json\/wp\/v2\/media?parent=3857"}],"curies":[{"name":"wp","href":"https:\/\/api.w.org\/{rel}","templated":true}]}}